{"id":2427,"date":"2019-08-07T10:29:04","date_gmt":"2019-08-07T10:29:04","guid":{"rendered":"https:\/\/nguyendang.net.vn\/?page_id=2427"},"modified":"2021-05-22T10:32:18","modified_gmt":"2021-05-22T03:32:18","slug":"anh-nguyen-dang-va-doi-tac","status":"publish","type":"page","link":"https:\/\/ndvn.farmgo.vn\/vi\/bo-suu-tap-anh\/anh-nguyen-dang-va-doi-tac\/","title":{"rendered":"\u1ea2NH NGUY\u00caN \u0110\u0102NG V\u00c0 \u0110\u1ed0I T\u00c1C"},"content":{"rendered":"\n  <div class=\"banner has-hover\" id=\"banner-1211162109\">\n          <div class=\"banner-inner fill\">\n        <div class=\"banner-bg fill\" >\n            <img loading=\"lazy\" decoding=\"async\" width=\"1020\" height=\"669\" src=\"https:\/\/ndvn.farmgo.vn\/wp-content\/uploads\/2019\/08\/agreement-3546008_1920-1219x800.jpg\" class=\"bg attachment-large size-large\" alt=\"nguyen dang partner\" \/>                        <div class=\"overlay\"><\/div>            \n                    <\/div>\n\t\t\n        <div class=\"banner-layers container\">\n            <div class=\"fill banner-link\"><\/div>            \n   <div id=\"text-box-535665111\" class=\"text-box banner-layer x50 md-x50 lg-x50 y50 md-y50 lg-y50 res-text\">\n                                <div class=\"text-box-content text dark\">\n              \n              <div class=\"text-inner text-center\">\n                  \n<h1 class=\"uppercase\">\u0110\u1ed0I T\u00c1C<\/h1>\n<p>T\u1eeb h\u01a1n 350 \u0111\u1ed1i t\u00e1c chi\u1ebfn l\u01b0\u1ee3c t\u1eeb kh\u1eafp n\u01a1i tr\u00ean th\u1ebf gi\u1edbi<\/p>\n<a href=\"https:\/\/www.flickr.com\/photos\/157240348@N02\/albums\/72157702695706125\" class=\"button white is-shade\" >\n\t\t<span>XEM TH\u00caM<\/span>\n\t<\/a>\n\n              <\/div>\n           <\/div>\n                            \n<style>\n#text-box-535665111 {\n  width: 60%;\n}\n#text-box-535665111 .text-box-content {\n  font-size: 100%;\n}\n<\/style>\n    <\/div>\n \n        <\/div>\n      <\/div>\n\n              <div class=\"height-fix is-invisible\"><img loading=\"lazy\" decoding=\"async\" width=\"1020\" height=\"669\" src=\"https:\/\/ndvn.farmgo.vn\/wp-content\/uploads\/2019\/08\/agreement-3546008_1920-1219x800.jpg\" class=\"attachment-large size-large\" alt=\"nguyen dang partner\" srcset=\"https:\/\/ndvn.farmgo.vn\/wp-content\/uploads\/2019\/08\/agreement-3546008_1920-1219x800.jpg 1219w, https:\/\/ndvn.farmgo.vn\/wp-content\/uploads\/2019\/08\/agreement-3546008_1920-510x335.jpg 510w, https:\/\/ndvn.farmgo.vn\/wp-content\/uploads\/2019\/08\/agreement-3546008_1920-610x400.jpg 610w, https:\/\/ndvn.farmgo.vn\/wp-content\/uploads\/2019\/08\/agreement-3546008_1920-768x504.jpg 768w, https:\/\/ndvn.farmgo.vn\/wp-content\/uploads\/2019\/08\/agreement-3546008_1920.jpg 1920w\" sizes=\"auto, (max-width: 1020px) 100vw, 1020px\" \/><\/div>\n            \n<style>\n#banner-1211162109 .overlay {\n  background-color: rgba(0, 0, 0, 0.17);\n}\n#banner-1211162109 .banner-bg img {\n  object-position: 100% 87%;\n}\n<\/style>\n  <\/div>\n\n\n\n\t<section class=\"section\" id=\"section_1014443613\">\n\t\t<div class=\"section-bg fill\" >\n\t\t\t\t\t\t\t\t\t<div class=\"section-bg-overlay absolute fill\"><\/div>\n\t\t\t\n\n\t\t<\/div>\n\n\t\t\n\n\t\t<div class=\"section-content relative\">\n\t\t\t\n<div class=\"row row-large align-middle\"  id=\"row-2008812173\">\n\n\t<div id=\"col-1686697790\" class=\"col medium-6 small-12 large-6\"  >\n\t\t\t\t<div class=\"col-inner text-left\"  >\n\t\t\t\n\t\t\t\n<h2>NGUY\u00caN \u0110\u0102NG V\u00c0 \u0110\u1ed0I T\u00c1C<\/h2>\n<p><a href=\"https:\/\/nguyendang.net.vn\/vi\/nguyen-dang-viet-nam\/\">Nguy\u00ean \u0110\u0103ng<\/a> lu\u00f4n mong mu\u1ed1n m\u1edf r\u1ed9ng quan h\u1ec7 h\u1ee3p trong n\u01b0\u1edbc v\u00e0 qu\u1ed1c t\u1ebf. Ch\u00ednh v\u00ec l\u1ebd \u0111\u00f3, &#8220;ch\u01b0\u01a1ng tr\u00ecnh ch\u0103m s\u00f3c \u0111\u1ed1i t\u00e1c \u0111\u1eb7c bi\u1ec7t&#8221; ch\u00ednh th\u1ee9c ra \u0111\u1eddi tr\u00ean c\u01a1 s\u1edf t\u00f4n tr\u1ecdng, th\u1ea5u hi\u1ec3u v\u00e0 hai b\u00ean c\u00f9ng c\u00f3 l\u1ee3i. V\u1edbi ch\u00fang t\u00f4i, b\u1ea1n kh\u00f4ng ch\u1ec9 l\u00e0 \u0111\u00e1ng k\u00ednh m\u00e0 c\u00f2n l\u00e0 ng\u01b0\u1eddi b\u1ea1n ch\u00e2n th\u00e0nh nh\u1ea5t!<\/p>\n<a href=\"https:\/\/www.instagram.com\/nguyen_dang_vietnam\/\" class=\"button primary\" >\n\t\t<span>VISIT OUR INSTAGRAM<\/span>\n\t<\/a>\n\n\t\t<\/div>\n\t\t\t\t\t<\/div>\n\n\t\n\n\t<div id=\"col-1438711766\" class=\"col medium-6 small-12 large-6\"  >\n\t\t\t\t<div class=\"col-inner\"  >\n\t\t\t\n\t\t\t\n<p><a title=\"NGUYEN DANG&amp;PARTNERS\" href=\"https:\/\/www.flickr.com\/photos\/157240348@N02\/albums\/72157702695706125\" data-flickr-embed=\"true\"><img loading=\"lazy\" decoding=\"async\" src=\"https:\/\/live.staticflickr.com\/1953\/31617437548_ec53de26e3_o.jpg\" alt=\"NGUYEN DANG&amp;PARTNERS\" width=\"960\" height=\"720\" \/><\/a><script async src=\"\/\/embedr.flickr.com\/assets\/client-code.js\" charset=\"utf-8\"><\/script><\/p>\n\t\t<\/div>\n\t\t\t\t\t<\/div>\n\n\t\n<\/div>\n\t\t<\/div>\n\n\t\t\n<style>\n#section_1014443613 {\n  padding-top: 60px;\n  padding-bottom: 60px;\n  background-color: rgb(193, 193, 193);\n}\n#section_1014443613 .section-bg-overlay {\n  background-color: rgba(255, 255, 255, 0.85);\n}\n<\/style>\n\t<\/section>\n\t\n<div class=\"slider-wrapper relative\" id=\"slider-430452851\" >\n    <div class=\"slider slider-nav-circle slider-nav-large slider-nav-dark slider-style-normal slider-show-nav\"\n        data-flickity-options='{\n            \"cellAlign\": \"center\",\n            \"imagesLoaded\": true,\n            \"lazyLoad\": 1,\n            \"freeScroll\": false,\n            \"wrapAround\": true,\n            \"autoPlay\": 6000,\n            \"pauseAutoPlayOnHover\" : true,\n            \"prevNextButtons\": true,\n            \"contain\" : true,\n            \"adaptiveHeight\" : true,\n            \"dragThreshold\" : 10,\n            \"percentPosition\": true,\n            \"pageDots\": false,\n            \"rightToLeft\": false,\n            \"draggable\": true,\n            \"selectedAttraction\": 0.1,\n            \"parallax\" : 0,\n            \"friction\": 0.6        }'\n        >\n        \n  <div class=\"banner-grid-wrapper\">\n  <div id=\"banner-grid-1412429523\" class=\"banner-grid row row-grid row-xsmall\" data-packery-options=\"\">\n                      \n<div class=\"col grid-col large-9 grid-col-1\" ><div class=\"col-inner\">\n\t<div class=\"img has-hover x md-x lg-x y md-y lg-y\" id=\"image_347815604\">\n\t\t\t\t\t\t\t\t<div class=\"img-inner dark\" >\n\t\t\t<img loading=\"lazy\" decoding=\"async\" width=\"800\" height=\"800\" src=\"https:\/\/ndvn.farmgo.vn\/wp-content\/uploads\/2019\/08\/nguyn-ng-v-cc-i-tc_44576917875_o-800x800.jpg\" class=\"attachment-large size-large\" alt=\"nguyen dang partner\" srcset=\"https:\/\/ndvn.farmgo.vn\/wp-content\/uploads\/2019\/08\/nguyn-ng-v-cc-i-tc_44576917875_o-800x800.jpg 800w, https:\/\/ndvn.farmgo.vn\/wp-content\/uploads\/2019\/08\/nguyn-ng-v-cc-i-tc_44576917875_o-100x100.jpg 100w, https:\/\/ndvn.farmgo.vn\/wp-content\/uploads\/2019\/08\/nguyn-ng-v-cc-i-tc_44576917875_o-510x510.jpg 510w, https:\/\/ndvn.farmgo.vn\/wp-content\/uploads\/2019\/08\/nguyn-ng-v-cc-i-tc_44576917875_o-280x280.jpg 280w, https:\/\/ndvn.farmgo.vn\/wp-content\/uploads\/2019\/08\/nguyn-ng-v-cc-i-tc_44576917875_o-400x400.jpg 400w, https:\/\/ndvn.farmgo.vn\/wp-content\/uploads\/2019\/08\/nguyn-ng-v-cc-i-tc_44576917875_o-768x768.jpg 768w, https:\/\/ndvn.farmgo.vn\/wp-content\/uploads\/2019\/08\/nguyn-ng-v-cc-i-tc_44576917875_o.jpg 960w\" sizes=\"auto, (max-width: 800px) 100vw, 800px\" \/>\t\t\t\t\t\t\n\t\t\t\t\t<\/div>\n\t\t\t\t\t\t\t\t\n<style>\n#image_347815604 {\n  width: 100%;\n}\n<\/style>\n\t<\/div>\n\t\n<\/div><\/div>\n<div class=\"col grid-col large-3 grid-col-1-2\" ><div class=\"col-inner\">\n\t<div class=\"img has-hover x md-x lg-x y md-y lg-y\" id=\"image_1423565733\">\n\t\t\t\t\t\t\t\t<div class=\"img-inner dark\" >\n\t\t\t<img loading=\"lazy\" decoding=\"async\" width=\"600\" height=\"800\" src=\"https:\/\/ndvn.farmgo.vn\/wp-content\/uploads\/2019\/08\/nguyn-ng-v-cc-i-tc_44765504174_o-600x800.jpg\" class=\"attachment-large size-large\" alt=\"nguyen dang partner\" srcset=\"https:\/\/ndvn.farmgo.vn\/wp-content\/uploads\/2019\/08\/nguyn-ng-v-cc-i-tc_44765504174_o-600x800.jpg 600w, https:\/\/ndvn.farmgo.vn\/wp-content\/uploads\/2019\/08\/nguyn-ng-v-cc-i-tc_44765504174_o-510x680.jpg 510w, https:\/\/ndvn.farmgo.vn\/wp-content\/uploads\/2019\/08\/nguyn-ng-v-cc-i-tc_44765504174_o-300x400.jpg 300w, https:\/\/ndvn.farmgo.vn\/wp-content\/uploads\/2019\/08\/nguyn-ng-v-cc-i-tc_44765504174_o.jpg 720w\" sizes=\"auto, (max-width: 600px) 100vw, 600px\" \/>\t\t\t\t\t\t\n\t\t\t\t\t<\/div>\n\t\t\t\t\t\t\t\t\n<style>\n#image_1423565733 {\n  width: 100%;\n}\n<\/style>\n\t<\/div>\n\t\n<\/div><\/div>\n<div class=\"col grid-col large-3 grid-col-1-2\" ><div class=\"col-inner\">\n\t<div class=\"img has-hover x md-x lg-x y md-y lg-y\" id=\"image_1634629844\">\n\t\t\t\t\t\t\t\t<div class=\"img-inner dark\" >\n\t\t\t<img loading=\"lazy\" decoding=\"async\" width=\"764\" height=\"800\" src=\"https:\/\/ndvn.farmgo.vn\/wp-content\/uploads\/2019\/08\/52827120_1026410057562933_947488322576449536_n_40893124023_o-764x800.jpg\" class=\"attachment-large size-large\" alt=\"nguyen dang partner\" srcset=\"https:\/\/ndvn.farmgo.vn\/wp-content\/uploads\/2019\/08\/52827120_1026410057562933_947488322576449536_n_40893124023_o-764x800.jpg 764w, https:\/\/ndvn.farmgo.vn\/wp-content\/uploads\/2019\/08\/52827120_1026410057562933_947488322576449536_n_40893124023_o-510x534.jpg 510w, https:\/\/ndvn.farmgo.vn\/wp-content\/uploads\/2019\/08\/52827120_1026410057562933_947488322576449536_n_40893124023_o-382x400.jpg 382w, https:\/\/ndvn.farmgo.vn\/wp-content\/uploads\/2019\/08\/52827120_1026410057562933_947488322576449536_n_40893124023_o-768x804.jpg 768w, https:\/\/ndvn.farmgo.vn\/wp-content\/uploads\/2019\/08\/52827120_1026410057562933_947488322576449536_n_40893124023_o.jpg 917w\" sizes=\"auto, (max-width: 764px) 100vw, 764px\" \/>\t\t\t\t\t\t\n\t\t\t\t\t<\/div>\n\t\t\t\t\t\t\t\t\n<style>\n#image_1634629844 {\n  width: 100%;\n}\n<\/style>\n\t<\/div>\n\t\n<\/div><\/div>\n            <\/div>\n    <style>\n    #banner-grid-1412429523 .grid-col-1{height: 600px}\n    #banner-grid-1412429523 .grid-col-1-2{height: 300px}\n    #banner-grid-1412429523 .grid-col-1-3{height:200px}\n    #banner-grid-1412429523 .grid-col-2-3{height: 400px}\n    #banner-grid-1412429523 .grid-col-1-4{height: 150px}\n    #banner-grid-1412429523 .grid-col-3-4{height: 450px}\n\n\n    \n    \n\n  <\/style>\n    <\/div>\n  \n     <\/div>\n\n     <div class=\"loading-spin dark large centered\"><\/div>\n\n\t\n<style>\n#slider-430452851 {\n  margin-bottom: 30px;\n}\n<\/style>\n<\/div>\n\n\n","protected":false},"excerpt":{"rendered":"","protected":false},"author":1,"featured_media":14881,"parent":1142,"menu_order":0,"comment_status":"closed","ping_status":"closed","template":"page-blank.php","meta":{"_acf_changed":false,"footnotes":""},"class_list":["post-2427","page","type-page","status-publish","has-post-thumbnail","hentry"],"acf":[],"yoast_head":"<!-- This site is optimized with the Yoast SEO plugin v26.6 - https:\/\/yoast.com\/wordpress\/plugins\/seo\/ -->\n<title>\u1ea2nh Nguy\u00ean \u0110\u0103ng v\u00e0 \u0111\u1ed1i t\u00e1c - Nguyen Dang Vietnam forwarding<\/title>\n<meta name=\"description\" content=\"Nguy\u00ean \u0110\u0103ng v\u00e0 \u0111\u1ed1i t\u00e1c - Nguy\u00ean \u0110\u0103ng lu\u00f4n mong mu\u1ed1n m\u1edf r\u1ed9ng quan h\u1ec7 h\u1ee3p trong n\u01b0\u1edbc v\u00e0 qu\u1ed1c t\u1ebf. Ch\u00ednh v\u00ec l\u1ebd \u0111\u00f3, &quot;ch\u01b0\u01a1ng tr\u00ecnh ch\u0103m s\u00f3c \u0111\u1ed1i t\u00e1c \u0111\u1eb7c bi\u1ec7t&quot; ch\u00ednh th\u1ee9c ra \u0111\u1eddi tr\u00ean c\u01a1 s\u1edf t\u00f4n tr\u1ecdng, th\u1ea5u hi\u1ec3u v\u00e0 hai b\u00ean c\u00f9ng c\u00f3 l\u1ee3i. V\u1edbi ch\u00fang t\u00f4i, b\u1ea1n kh\u00f4ng ch\u1ec9 l\u00e0 \u0111\u00e1ng k\u00ednh m\u00e0 c\u00f2n l\u00e0 ng\u01b0\u1eddi b\u1ea1n ch\u00e2n th\u00e0nh nh\u1ea5t!\" \/>\n<meta name=\"robots\" content=\"index, follow, max-snippet:-1, max-image-preview:large, max-video-preview:-1\" \/>\n<link rel=\"canonical\" href=\"https:\/\/ndvn.farmgo.vn\/vi\/bo-suu-tap-anh\/anh-nguyen-dang-va-doi-tac\/\" \/>\n<meta property=\"og:locale\" content=\"vi_VN\" \/>\n<meta property=\"og:type\" content=\"article\" \/>\n<meta property=\"og:title\" content=\"\u1ea2nh Nguy\u00ean \u0110\u0103ng v\u00e0 \u0111\u1ed1i t\u00e1c - Nguyen Dang Vietnam forwarding\" \/>\n<meta property=\"og:description\" content=\"Nguy\u00ean \u0110\u0103ng v\u00e0 \u0111\u1ed1i t\u00e1c - Nguy\u00ean \u0110\u0103ng lu\u00f4n mong mu\u1ed1n m\u1edf r\u1ed9ng quan h\u1ec7 h\u1ee3p trong n\u01b0\u1edbc v\u00e0 qu\u1ed1c t\u1ebf. Ch\u00ednh v\u00ec l\u1ebd \u0111\u00f3, &quot;ch\u01b0\u01a1ng tr\u00ecnh ch\u0103m s\u00f3c \u0111\u1ed1i t\u00e1c \u0111\u1eb7c bi\u1ec7t&quot; ch\u00ednh th\u1ee9c ra \u0111\u1eddi tr\u00ean c\u01a1 s\u1edf t\u00f4n tr\u1ecdng, th\u1ea5u hi\u1ec3u v\u00e0 hai b\u00ean c\u00f9ng c\u00f3 l\u1ee3i. V\u1edbi ch\u00fang t\u00f4i, b\u1ea1n kh\u00f4ng ch\u1ec9 l\u00e0 \u0111\u00e1ng k\u00ednh m\u00e0 c\u00f2n l\u00e0 ng\u01b0\u1eddi b\u1ea1n ch\u00e2n th\u00e0nh nh\u1ea5t!\" \/>\n<meta property=\"og:url\" content=\"https:\/\/ndvn.farmgo.vn\/vi\/bo-suu-tap-anh\/anh-nguyen-dang-va-doi-tac\/\" \/>\n<meta property=\"og:site_name\" content=\"Nguyen Dang Viet Nam Forwarding\" \/>\n<meta property=\"article:publisher\" content=\"https:\/\/www.facebook.com\/NguyenDangVietNam\/\" \/>\n<meta property=\"article:modified_time\" content=\"2021-05-22T03:32:18+00:00\" \/>\n<meta property=\"og:image\" content=\"https:\/\/ndvn.farmgo.vn\/wp-content\/uploads\/2019\/08\/nguyn-ng-v-cc-i-tc_31617437548_o-e1621608294797.jpg\" \/>\n\t<meta property=\"og:image:width\" content=\"800\" \/>\n\t<meta property=\"og:image:height\" content=\"500\" \/>\n\t<meta property=\"og:image:type\" content=\"image\/jpeg\" \/>\n<meta name=\"twitter:card\" content=\"summary_large_image\" \/>\n<meta name=\"twitter:site\" content=\"@NguyenDangLog\" \/>\n<meta name=\"twitter:label1\" content=\"Est. reading time\" \/>\n\t<meta name=\"twitter:data1\" content=\"1 minute\" \/>\n<script type=\"application\/ld+json\" class=\"yoast-schema-graph\">{\"@context\":\"https:\/\/schema.org\",\"@graph\":[{\"@type\":\"WebPage\",\"@id\":\"https:\/\/ndvn.farmgo.vn\/vi\/bo-suu-tap-anh\/anh-nguyen-dang-va-doi-tac\/\",\"url\":\"https:\/\/ndvn.farmgo.vn\/vi\/bo-suu-tap-anh\/anh-nguyen-dang-va-doi-tac\/\",\"name\":\"\u1ea2nh Nguy\u00ean \u0110\u0103ng v\u00e0 \u0111\u1ed1i t\u00e1c - Nguyen Dang Vietnam forwarding\",\"isPartOf\":{\"@id\":\"https:\/\/ndvn.farmgo.vn\/#website\"},\"primaryImageOfPage\":{\"@id\":\"https:\/\/ndvn.farmgo.vn\/vi\/bo-suu-tap-anh\/anh-nguyen-dang-va-doi-tac\/#primaryimage\"},\"image\":{\"@id\":\"https:\/\/ndvn.farmgo.vn\/vi\/bo-suu-tap-anh\/anh-nguyen-dang-va-doi-tac\/#primaryimage\"},\"thumbnailUrl\":\"https:\/\/ndvn.farmgo.vn\/wp-content\/uploads\/2019\/08\/nguyn-ng-v-cc-i-tc_31617437548_o-e1621608294797.jpg\",\"datePublished\":\"2019-08-07T10:29:04+00:00\",\"dateModified\":\"2021-05-22T03:32:18+00:00\",\"description\":\"Nguy\u00ean \u0110\u0103ng v\u00e0 \u0111\u1ed1i t\u00e1c - Nguy\u00ean \u0110\u0103ng lu\u00f4n mong mu\u1ed1n m\u1edf r\u1ed9ng quan h\u1ec7 h\u1ee3p trong n\u01b0\u1edbc v\u00e0 qu\u1ed1c t\u1ebf. Ch\u00ednh v\u00ec l\u1ebd \u0111\u00f3, \\\"ch\u01b0\u01a1ng tr\u00ecnh ch\u0103m s\u00f3c \u0111\u1ed1i t\u00e1c \u0111\u1eb7c bi\u1ec7t\\\" ch\u00ednh th\u1ee9c ra \u0111\u1eddi tr\u00ean c\u01a1 s\u1edf t\u00f4n tr\u1ecdng, th\u1ea5u hi\u1ec3u v\u00e0 hai b\u00ean c\u00f9ng c\u00f3 l\u1ee3i. V\u1edbi ch\u00fang t\u00f4i, b\u1ea1n kh\u00f4ng ch\u1ec9 l\u00e0 \u0111\u00e1ng k\u00ednh m\u00e0 c\u00f2n l\u00e0 ng\u01b0\u1eddi b\u1ea1n ch\u00e2n th\u00e0nh nh\u1ea5t!\",\"breadcrumb\":{\"@id\":\"https:\/\/ndvn.farmgo.vn\/vi\/bo-suu-tap-anh\/anh-nguyen-dang-va-doi-tac\/#breadcrumb\"},\"inLanguage\":\"vi-VN\",\"potentialAction\":[{\"@type\":\"ReadAction\",\"target\":[\"https:\/\/ndvn.farmgo.vn\/vi\/bo-suu-tap-anh\/anh-nguyen-dang-va-doi-tac\/\"]}]},{\"@type\":\"ImageObject\",\"inLanguage\":\"vi-VN\",\"@id\":\"https:\/\/ndvn.farmgo.vn\/vi\/bo-suu-tap-anh\/anh-nguyen-dang-va-doi-tac\/#primaryimage\",\"url\":\"https:\/\/ndvn.farmgo.vn\/wp-content\/uploads\/2019\/08\/nguyn-ng-v-cc-i-tc_31617437548_o-e1621608294797.jpg\",\"contentUrl\":\"https:\/\/ndvn.farmgo.vn\/wp-content\/uploads\/2019\/08\/nguyn-ng-v-cc-i-tc_31617437548_o-e1621608294797.jpg\",\"width\":800,\"height\":500,\"caption\":\"Nguy\u00ean \u0110\u0103ng Vi\u1ec7t Nam v\u00e0 \u0111\u1ed1i t\u00e1c Nguyen Dang Viet Nam and partner\"},{\"@type\":\"BreadcrumbList\",\"@id\":\"https:\/\/ndvn.farmgo.vn\/vi\/bo-suu-tap-anh\/anh-nguyen-dang-va-doi-tac\/#breadcrumb\",\"itemListElement\":[{\"@type\":\"ListItem\",\"position\":1,\"name\":\"Home\",\"item\":\"https:\/\/ndvn.farmgo.vn\/vi\/\"},{\"@type\":\"ListItem\",\"position\":2,\"name\":\"\u1ea2nh\",\"item\":\"https:\/\/ndvn.farmgo.vn\/vi\/bo-suu-tap-anh\/\"},{\"@type\":\"ListItem\",\"position\":3,\"name\":\"\u1ea2NH NGUY\u00caN \u0110\u0102NG V\u00c0 \u0110\u1ed0I T\u00c1C\"}]},{\"@type\":\"WebSite\",\"@id\":\"https:\/\/ndvn.farmgo.vn\/#website\",\"url\":\"https:\/\/ndvn.farmgo.vn\/\",\"name\":\"Nguyen Dang Viet Nam Forwarding\",\"description\":\"First class freight forwarder in vietnam\",\"publisher\":{\"@id\":\"https:\/\/ndvn.farmgo.vn\/#organization\"},\"potentialAction\":[{\"@type\":\"SearchAction\",\"target\":{\"@type\":\"EntryPoint\",\"urlTemplate\":\"https:\/\/ndvn.farmgo.vn\/?s={search_term_string}\"},\"query-input\":{\"@type\":\"PropertyValueSpecification\",\"valueRequired\":true,\"valueName\":\"search_term_string\"}}],\"inLanguage\":\"vi-VN\"},{\"@type\":\"Organization\",\"@id\":\"https:\/\/ndvn.farmgo.vn\/#organization\",\"name\":\"Nguyen Dang Viet Nam Forwarding\",\"url\":\"https:\/\/ndvn.farmgo.vn\/\",\"logo\":{\"@type\":\"ImageObject\",\"inLanguage\":\"vi-VN\",\"@id\":\"https:\/\/ndvn.farmgo.vn\/#\/schema\/logo\/image\/\",\"url\":\"https:\/\/nguyendang.net.vn\/wp-content\/uploads\/2020\/07\/nguyen-dang-logo.png\",\"contentUrl\":\"https:\/\/nguyendang.net.vn\/wp-content\/uploads\/2020\/07\/nguyen-dang-logo.png\",\"width\":800,\"height\":200,\"caption\":\"Nguyen Dang Viet Nam Forwarding\"},\"image\":{\"@id\":\"https:\/\/ndvn.farmgo.vn\/#\/schema\/logo\/image\/\"},\"sameAs\":[\"https:\/\/www.facebook.com\/NguyenDangVietNam\/\",\"https:\/\/x.com\/NguyenDangLog\",\"https:\/\/www.instagram.com\/nguyen_dang_vietnam\/\",\"https:\/\/www.linkedin.com\/in\/nguyen-dang-vietnam-849050179\/\",\"https:\/\/www.pinterest.com\/nguyendangvietnammkt\/\",\"https:\/\/www.youtube.com\/channel\/UCBln8cONx2WOb5w-5smFJsA\"]}]}<\/script>\n<!-- \/ Yoast SEO plugin. -->","yoast_head_json":{"title":"\u1ea2nh Nguy\u00ean \u0110\u0103ng v\u00e0 \u0111\u1ed1i t\u00e1c - Nguyen Dang Vietnam forwarding","description":"Nguy\u00ean \u0110\u0103ng v\u00e0 \u0111\u1ed1i t\u00e1c - Nguy\u00ean \u0110\u0103ng lu\u00f4n mong mu\u1ed1n m\u1edf r\u1ed9ng quan h\u1ec7 h\u1ee3p trong n\u01b0\u1edbc v\u00e0 qu\u1ed1c t\u1ebf. Ch\u00ednh v\u00ec l\u1ebd \u0111\u00f3, \"ch\u01b0\u01a1ng tr\u00ecnh ch\u0103m s\u00f3c \u0111\u1ed1i t\u00e1c \u0111\u1eb7c bi\u1ec7t\" ch\u00ednh th\u1ee9c ra \u0111\u1eddi tr\u00ean c\u01a1 s\u1edf t\u00f4n tr\u1ecdng, th\u1ea5u hi\u1ec3u v\u00e0 hai b\u00ean c\u00f9ng c\u00f3 l\u1ee3i. V\u1edbi ch\u00fang t\u00f4i, b\u1ea1n kh\u00f4ng ch\u1ec9 l\u00e0 \u0111\u00e1ng k\u00ednh m\u00e0 c\u00f2n l\u00e0 ng\u01b0\u1eddi b\u1ea1n ch\u00e2n th\u00e0nh nh\u1ea5t!","robots":{"index":"index","follow":"follow","max-snippet":"max-snippet:-1","max-image-preview":"max-image-preview:large","max-video-preview":"max-video-preview:-1"},"canonical":"https:\/\/ndvn.farmgo.vn\/vi\/bo-suu-tap-anh\/anh-nguyen-dang-va-doi-tac\/","og_locale":"vi_VN","og_type":"article","og_title":"\u1ea2nh Nguy\u00ean \u0110\u0103ng v\u00e0 \u0111\u1ed1i t\u00e1c - Nguyen Dang Vietnam forwarding","og_description":"Nguy\u00ean \u0110\u0103ng v\u00e0 \u0111\u1ed1i t\u00e1c - Nguy\u00ean \u0110\u0103ng lu\u00f4n mong mu\u1ed1n m\u1edf r\u1ed9ng quan h\u1ec7 h\u1ee3p trong n\u01b0\u1edbc v\u00e0 qu\u1ed1c t\u1ebf. Ch\u00ednh v\u00ec l\u1ebd \u0111\u00f3, \"ch\u01b0\u01a1ng tr\u00ecnh ch\u0103m s\u00f3c \u0111\u1ed1i t\u00e1c \u0111\u1eb7c bi\u1ec7t\" ch\u00ednh th\u1ee9c ra \u0111\u1eddi tr\u00ean c\u01a1 s\u1edf t\u00f4n tr\u1ecdng, th\u1ea5u hi\u1ec3u v\u00e0 hai b\u00ean c\u00f9ng c\u00f3 l\u1ee3i. V\u1edbi ch\u00fang t\u00f4i, b\u1ea1n kh\u00f4ng ch\u1ec9 l\u00e0 \u0111\u00e1ng k\u00ednh m\u00e0 c\u00f2n l\u00e0 ng\u01b0\u1eddi b\u1ea1n ch\u00e2n th\u00e0nh nh\u1ea5t!","og_url":"https:\/\/ndvn.farmgo.vn\/vi\/bo-suu-tap-anh\/anh-nguyen-dang-va-doi-tac\/","og_site_name":"Nguyen Dang Viet Nam Forwarding","article_publisher":"https:\/\/www.facebook.com\/NguyenDangVietNam\/","article_modified_time":"2021-05-22T03:32:18+00:00","og_image":[{"width":800,"height":500,"url":"https:\/\/ndvn.farmgo.vn\/wp-content\/uploads\/2019\/08\/nguyn-ng-v-cc-i-tc_31617437548_o-e1621608294797.jpg","type":"image\/jpeg"}],"twitter_card":"summary_large_image","twitter_site":"@NguyenDangLog","twitter_misc":{"Est. reading time":"1 minute"},"schema":{"@context":"https:\/\/schema.org","@graph":[{"@type":"WebPage","@id":"https:\/\/ndvn.farmgo.vn\/vi\/bo-suu-tap-anh\/anh-nguyen-dang-va-doi-tac\/","url":"https:\/\/ndvn.farmgo.vn\/vi\/bo-suu-tap-anh\/anh-nguyen-dang-va-doi-tac\/","name":"\u1ea2nh Nguy\u00ean \u0110\u0103ng v\u00e0 \u0111\u1ed1i t\u00e1c - Nguyen Dang Vietnam forwarding","isPartOf":{"@id":"https:\/\/ndvn.farmgo.vn\/#website"},"primaryImageOfPage":{"@id":"https:\/\/ndvn.farmgo.vn\/vi\/bo-suu-tap-anh\/anh-nguyen-dang-va-doi-tac\/#primaryimage"},"image":{"@id":"https:\/\/ndvn.farmgo.vn\/vi\/bo-suu-tap-anh\/anh-nguyen-dang-va-doi-tac\/#primaryimage"},"thumbnailUrl":"https:\/\/ndvn.farmgo.vn\/wp-content\/uploads\/2019\/08\/nguyn-ng-v-cc-i-tc_31617437548_o-e1621608294797.jpg","datePublished":"2019-08-07T10:29:04+00:00","dateModified":"2021-05-22T03:32:18+00:00","description":"Nguy\u00ean \u0110\u0103ng v\u00e0 \u0111\u1ed1i t\u00e1c - Nguy\u00ean \u0110\u0103ng lu\u00f4n mong mu\u1ed1n m\u1edf r\u1ed9ng quan h\u1ec7 h\u1ee3p trong n\u01b0\u1edbc v\u00e0 qu\u1ed1c t\u1ebf. Ch\u00ednh v\u00ec l\u1ebd \u0111\u00f3, \"ch\u01b0\u01a1ng tr\u00ecnh ch\u0103m s\u00f3c \u0111\u1ed1i t\u00e1c \u0111\u1eb7c bi\u1ec7t\" ch\u00ednh th\u1ee9c ra \u0111\u1eddi tr\u00ean c\u01a1 s\u1edf t\u00f4n tr\u1ecdng, th\u1ea5u hi\u1ec3u v\u00e0 hai b\u00ean c\u00f9ng c\u00f3 l\u1ee3i. V\u1edbi ch\u00fang t\u00f4i, b\u1ea1n kh\u00f4ng ch\u1ec9 l\u00e0 \u0111\u00e1ng k\u00ednh m\u00e0 c\u00f2n l\u00e0 ng\u01b0\u1eddi b\u1ea1n ch\u00e2n th\u00e0nh nh\u1ea5t!","breadcrumb":{"@id":"https:\/\/ndvn.farmgo.vn\/vi\/bo-suu-tap-anh\/anh-nguyen-dang-va-doi-tac\/#breadcrumb"},"inLanguage":"vi-VN","potentialAction":[{"@type":"ReadAction","target":["https:\/\/ndvn.farmgo.vn\/vi\/bo-suu-tap-anh\/anh-nguyen-dang-va-doi-tac\/"]}]},{"@type":"ImageObject","inLanguage":"vi-VN","@id":"https:\/\/ndvn.farmgo.vn\/vi\/bo-suu-tap-anh\/anh-nguyen-dang-va-doi-tac\/#primaryimage","url":"https:\/\/ndvn.farmgo.vn\/wp-content\/uploads\/2019\/08\/nguyn-ng-v-cc-i-tc_31617437548_o-e1621608294797.jpg","contentUrl":"https:\/\/ndvn.farmgo.vn\/wp-content\/uploads\/2019\/08\/nguyn-ng-v-cc-i-tc_31617437548_o-e1621608294797.jpg","width":800,"height":500,"caption":"Nguy\u00ean \u0110\u0103ng Vi\u1ec7t Nam v\u00e0 \u0111\u1ed1i t\u00e1c Nguyen Dang Viet Nam and partner"},{"@type":"BreadcrumbList","@id":"https:\/\/ndvn.farmgo.vn\/vi\/bo-suu-tap-anh\/anh-nguyen-dang-va-doi-tac\/#breadcrumb","itemListElement":[{"@type":"ListItem","position":1,"name":"Home","item":"https:\/\/ndvn.farmgo.vn\/vi\/"},{"@type":"ListItem","position":2,"name":"\u1ea2nh","item":"https:\/\/ndvn.farmgo.vn\/vi\/bo-suu-tap-anh\/"},{"@type":"ListItem","position":3,"name":"\u1ea2NH NGUY\u00caN \u0110\u0102NG V\u00c0 \u0110\u1ed0I T\u00c1C"}]},{"@type":"WebSite","@id":"https:\/\/ndvn.farmgo.vn\/#website","url":"https:\/\/ndvn.farmgo.vn\/","name":"Nguyen Dang Viet Nam Forwarding","description":"First class freight forwarder in vietnam","publisher":{"@id":"https:\/\/ndvn.farmgo.vn\/#organization"},"potentialAction":[{"@type":"SearchAction","target":{"@type":"EntryPoint","urlTemplate":"https:\/\/ndvn.farmgo.vn\/?s={search_term_string}"},"query-input":{"@type":"PropertyValueSpecification","valueRequired":true,"valueName":"search_term_string"}}],"inLanguage":"vi-VN"},{"@type":"Organization","@id":"https:\/\/ndvn.farmgo.vn\/#organization","name":"Nguyen Dang Viet Nam Forwarding","url":"https:\/\/ndvn.farmgo.vn\/","logo":{"@type":"ImageObject","inLanguage":"vi-VN","@id":"https:\/\/ndvn.farmgo.vn\/#\/schema\/logo\/image\/","url":"https:\/\/nguyendang.net.vn\/wp-content\/uploads\/2020\/07\/nguyen-dang-logo.png","contentUrl":"https:\/\/nguyendang.net.vn\/wp-content\/uploads\/2020\/07\/nguyen-dang-logo.png","width":800,"height":200,"caption":"Nguyen Dang Viet Nam Forwarding"},"image":{"@id":"https:\/\/ndvn.farmgo.vn\/#\/schema\/logo\/image\/"},"sameAs":["https:\/\/www.facebook.com\/NguyenDangVietNam\/","https:\/\/x.com\/NguyenDangLog","https:\/\/www.instagram.com\/nguyen_dang_vietnam\/","https:\/\/www.linkedin.com\/in\/nguyen-dang-vietnam-849050179\/","https:\/\/www.pinterest.com\/nguyendangvietnammkt\/","https:\/\/www.youtube.com\/channel\/UCBln8cONx2WOb5w-5smFJsA"]}]}},"_links":{"self":[{"href":"https:\/\/ndvn.farmgo.vn\/vi\/wp-json\/wp\/v2\/pages\/2427","targetHints":{"allow":["GET"]}}],"collection":[{"href":"https:\/\/ndvn.farmgo.vn\/vi\/wp-json\/wp\/v2\/pages"}],"about":[{"href":"https:\/\/ndvn.farmgo.vn\/vi\/wp-json\/wp\/v2\/types\/page"}],"author":[{"embeddable":true,"href":"https:\/\/ndvn.farmgo.vn\/vi\/wp-json\/wp\/v2\/users\/1"}],"replies":[{"embeddable":true,"href":"https:\/\/ndvn.farmgo.vn\/vi\/wp-json\/wp\/v2\/comments?post=2427"}],"version-history":[{"count":16,"href":"https:\/\/ndvn.farmgo.vn\/vi\/wp-json\/wp\/v2\/pages\/2427\/revisions"}],"predecessor-version":[{"id":20630,"href":"https:\/\/ndvn.farmgo.vn\/vi\/wp-json\/wp\/v2\/pages\/2427\/revisions\/20630"}],"up":[{"embeddable":true,"href":"https:\/\/ndvn.farmgo.vn\/vi\/wp-json\/wp\/v2\/pages\/1142"}],"wp:featuredmedia":[{"embeddable":true,"href":"https:\/\/ndvn.farmgo.vn\/vi\/wp-json\/wp\/v2\/media\/14881"}],"wp:attachment":[{"href":"https:\/\/ndvn.farmgo.vn\/vi\/wp-json\/wp\/v2\/media?parent=2427"}],"curies":[{"name":"wp","href":"https:\/\/api.w.org\/{rel}","templated":true}]}}