{"id":1861,"date":"2019-08-01T09:18:31","date_gmt":"2019-08-01T09:18:31","guid":{"rendered":"https:\/\/nguyendang.net.vn\/?page_id=1861"},"modified":"2021-12-04T10:19:56","modified_gmt":"2021-12-04T03:19:56","slug":"bao-gia-logistics","status":"publish","type":"page","link":"https:\/\/ndvn.farmgo.vn\/vi\/bao-gia-logistics\/","title":{"rendered":"B\u00e1o gi\u00e1 Logistics"},"content":{"rendered":"\n\t<section class=\"section\" id=\"section_1261734113\">\n\t\t<div class=\"section-bg fill\" >\n\t\t\t<img loading=\"lazy\" decoding=\"async\" width=\"1000\" height=\"667\" src=\"https:\/\/ndvn.farmgo.vn\/wp-content\/uploads\/2021\/06\/unsplash18-4-of-5.jpg\" class=\"bg attachment- size-\" alt=\"\" \/>\t\t\t\t\t\t\n\t\t\t\n\n\t\t<\/div>\n\n\t\t\n\n\t\t<div class=\"section-content relative\">\n\t\t\t\n<div class=\"row row-collapse align-center\"  id=\"row-767365469\">\n\n\t<div id=\"col-1832463752\" class=\"col medium-5 small-12 large-5\"  >\n\t\t\t\t<div class=\"col-inner\"  >\n\t\t\t\n\t\t\t\n\n  <div class=\"banner has-hover\" id=\"banner-769050530\">\n          <div class=\"banner-inner fill\">\n        <div class=\"banner-bg fill\" >\n                                                \n                    <\/div>\n\t\t\n        <div class=\"banner-layers container\">\n            <div class=\"fill banner-link\"><\/div>            \n   <div id=\"text-box-793413212\" class=\"text-box banner-layer x50 md-x50 lg-x50 y50 md-y50 lg-y50 res-text\">\n                                <div class=\"text-box-content text dark\">\n              \n              <div class=\"text-inner text-left\">\n                  \n<h2 class=\"uppercase\"><strong>B\u00e1o gi\u00e1 LOGISTICS<\/strong><\/h2>\n<p><span style=\"font-size: 130%;\"><strong>H\u00e3y g\u1eedi cho ch\u00fang t\u00f4i th\u00f4ng tin chi ti\u1ebft v\u1ec1 l\u00f4 h\u00e0ng c\u1ee7a b\u1ea1n. Nh\u1eefng chuy\u00ean vi\u00ean c\u00f3 kinh nghi\u1ec7m nh\u1ea5t v\u1ec1 m\u1eb7t h\u00e0ng m\u00e0 b\u1ea1n \u0111ang xu\u1ea5t\/nh\u1eadp kh\u1ea9u s\u1ebd \u0111\u01b0\u1ee3c b\u1ed1 tr\u00ed t\u01b0 v\u1ea5n ri\u00eang v\u00e0 b\u00e1o gi\u00e1 logistics t\u1edbi b\u1ea1n ngay l\u1eadp t\u1ee9c!<\/strong><\/span><\/p>\n<p class=\"p1\"><span style=\"font-size: 130%;\">B\u1ed9 ph\u1eadn ti\u1ebfp nh\u1eadn s\u1ebd chuy\u1ec3n ngay th\u00f4ng tin l\u00f4 h\u00e0ng t\u1edbi trung t\u00e2m x\u1eed l\u00fd, v\u00e0 ph\u00e2n ph\u1ed1i ch\u00fang t\u1edbi ch\u00ednh x\u00e1c ng\u01b0\u1eddi chuy\u00ean v\u1ec1 tuy\u1ebfn h\u00e0ng \u0111\u00f3. B\u1ea1n \u0111\u00e3 t\u00ecm \u0111\u00fang n\u01a1i \u0111\u1ec3 g\u1eedi request b\u00e1o gi\u00e1 logistics r\u1ed3i \u0111\u1ea5y!<\/span><\/p>\n\t<div id=\"gap-890036378\" class=\"gap-element clearfix\" style=\"display:block; height:auto;\">\n\t\t\n<style>\n#gap-890036378 {\n  padding-top: 10px;\n}\n<\/style>\n\t<\/div>\n\t\n\t<div id=\"gap-1713826745\" class=\"gap-element clearfix\" style=\"display:block; height:auto;\">\n\t\t\n<style>\n#gap-1713826745 {\n  padding-top: 10px;\n}\n<\/style>\n\t<\/div>\n\t\n<div class=\"social-icons follow-icons\" style=\"font-size:134%\"><a href=\"https:\/\/www.facebook.com\/NguyenDangVietNam\/\" target=\"_blank\" data-label=\"Facebook\" class=\"icon button circle is-outline tooltip facebook\" title=\"Follow on Facebook\" aria-label=\"Follow on Facebook\" rel=\"noopener nofollow\"><i class=\"icon-facebook\" aria-hidden=\"true\"><\/i><\/a><a href=\"https:\/\/www.instagram.com\/nguyen_dang_vietnam\/\" target=\"_blank\" data-label=\"Instagram\" class=\"icon button circle is-outline tooltip instagram\" title=\"Follow on Instagram\" aria-label=\"Follow on Instagram\" rel=\"noopener nofollow\"><i class=\"icon-instagram\" aria-hidden=\"true\"><\/i><\/a><a href=\"https:\/\/twitter.com\/NguyenDangLog\" data-label=\"Twitter\" target=\"_blank\" class=\"icon button circle is-outline tooltip twitter\" title=\"Follow on Twitter\" aria-label=\"Follow on Twitter\" rel=\"noopener nofollow\"><i class=\"icon-twitter\" aria-hidden=\"true\"><\/i><\/a><a href=\"mailto:nguyendangvietnammkt@gmail.com\" data-label=\"E-mail\" target=\"_blank\" class=\"icon button circle is-outline tooltip email\" title=\"Send us an email\" aria-label=\"Send us an email\" rel=\"nofollow noopener\"><i class=\"icon-envelop\" aria-hidden=\"true\"><\/i><\/a><a href=\"https:\/\/www.linkedin.com\/in\/nguyen-dang-vietnam-849050179\/\" data-label=\"LinkedIn\" target=\"_blank\" class=\"icon button circle is-outline tooltip linkedin\" title=\"Follow on LinkedIn\" aria-label=\"Follow on LinkedIn\" rel=\"noopener nofollow\"><i class=\"icon-linkedin\" aria-hidden=\"true\"><\/i><\/a><\/div>\n\t<div id=\"gap-731130870\" class=\"gap-element clearfix\" style=\"display:block; height:auto;\">\n\t\t\n<style>\n#gap-731130870 {\n  padding-top: 10px;\n}\n<\/style>\n\t<\/div>\n\t\n              <\/div>\n           <\/div>\n                            \n<style>\n#text-box-793413212 {\n  width: 80%;\n}\n#text-box-793413212 .text-box-content {\n  font-size: 100%;\n}\n@media (min-width:550px) {\n  #text-box-793413212 {\n    width: 71%;\n  }\n}\n<\/style>\n    <\/div>\n \n        <\/div>\n      <\/div>\n\n            \n<style>\n#banner-769050530 {\n  padding-top: 500px;\n  background-color: rgba(30, 84, 132, 0.74);\n}\n<\/style>\n  <\/div>\n\n\n\t\t<\/div>\n\t\t\t\t\t<\/div>\n\n\t\n\n\t<div id=\"col-1631233337\" class=\"col medium-7 small-12 large-7\"  >\n\t\t\t\t<div class=\"col-inner\"  >\n\t\t\t\n\t\t\t\n\n  <div class=\"banner has-hover\" id=\"banner-1529965712\">\n          <div class=\"banner-inner fill\">\n        <div class=\"banner-bg fill\" >\n                                                \n                    <\/div>\n\t\t\n        <div class=\"banner-layers container\">\n            <div class=\"fill banner-link\"><\/div>            \n   <div id=\"text-box-286642630\" class=\"text-box banner-layer x50 md-x50 lg-x50 y50 md-y50 lg-y50 res-text\">\n                                <div class=\"text-box-content text \">\n              \n              <div class=\"text-inner text-center\">\n                  \n\t<div id=\"gap-892712421\" class=\"gap-element clearfix\" style=\"display:block; height:auto;\">\n\t\t\n<style>\n#gap-892712421 {\n  padding-top: 20px;\n}\n<\/style>\n\t<\/div>\n\t\n\n<p><iframe loading=\"lazy\" src=\"https:\/\/nguyendang.getflycrm.com\/api\/forms\/viewform\/?key=TDN0M11cqbjvG8y172yTWprNuOyFkNHb1lqAsJ2lZZK4mQsY33\" width=\"100%\" height=\"500px\" frameborder=\"0\" marginheight=\"0\" marginwidth=\"0\">Loading &#8230;<\/iframe><br \/>\n\n              <\/div>\n           <\/div>\n                            \n<style>\n#text-box-286642630 {\n  width: 69%;\n}\n#text-box-286642630 .text-box-content {\n  font-size: 129%;\n}\n<\/style>\n    <\/div>\n \n        <\/div>\n      <\/div>\n\n            \n<style>\n#banner-1529965712 {\n  padding-top: 500px;\n  background-color: rgb(255,255,255);\n}\n<\/style>\n  <\/div>\n\n\n\t\t<\/div>\n\t\t\t\t\t<\/div>\n\n\t\n<\/div>\n\t\t<\/div>\n\n\t\t\n<style>\n#section_1261734113 {\n  padding-top: 0px;\n  padding-bottom: 0px;\n}\n#section_1261734113 .section-bg img {\n  object-position: 12% 6%;\n}\n@media (min-width:550px) {\n  #section_1261734113 {\n    padding-top: 70px;\n    padding-bottom: 70px;\n  }\n}\n<\/style>\n\t<\/section>\n\t\n","protected":false},"excerpt":{"rendered":"","protected":false},"author":1,"featured_media":21018,"parent":0,"menu_order":0,"comment_status":"closed","ping_status":"closed","template":"page-blank.php","meta":{"_acf_changed":false,"footnotes":""},"class_list":["post-1861","page","type-page","status-publish","has-post-thumbnail","hentry"],"acf":[],"yoast_head":"<!-- This site is optimized with the Yoast SEO plugin v26.6 - https:\/\/yoast.com\/wordpress\/plugins\/seo\/ -->\n<title>B\u00e1o gi\u00e1 logistics - Nguy\u00ean \u0110\u0103ng Vi\u1ec7t Nam forwarding<\/title>\n<meta name=\"description\" content=\"B\u00e1o gi\u00e1 logistics c\u1ee7a Nguy\u00ean \u0110\u0103ng l\u00e0 n\u01a1i b\u1ea1n c\u00f3 th\u1ec3 nh\u1eadn \u0111\u01b0\u1ee3c b\u00e1o gi\u00e1 c\u01b0\u1edbc air, c\u01b0\u1edbc bi\u1ec3n, c\u01b0\u1edbc trucking, local charge, ... cho m\u1ecdi l\u00f4 h\u00e0ng\" \/>\n<meta name=\"robots\" content=\"index, follow, max-snippet:-1, max-image-preview:large, max-video-preview:-1\" \/>\n<link rel=\"canonical\" href=\"https:\/\/ndvn.farmgo.vn\/vi\/bao-gia-logistics\/\" \/>\n<meta property=\"og:locale\" content=\"vi_VN\" \/>\n<meta property=\"og:type\" content=\"article\" \/>\n<meta property=\"og:title\" content=\"B\u00e1o gi\u00e1 logistics - Nguy\u00ean \u0110\u0103ng Vi\u1ec7t Nam forwarding\" \/>\n<meta property=\"og:description\" content=\"B\u00e1o gi\u00e1 logistics c\u1ee7a Nguy\u00ean \u0110\u0103ng l\u00e0 n\u01a1i b\u1ea1n c\u00f3 th\u1ec3 nh\u1eadn \u0111\u01b0\u1ee3c b\u00e1o gi\u00e1 c\u01b0\u1edbc air, c\u01b0\u1edbc bi\u1ec3n, c\u01b0\u1edbc trucking, local charge, ... cho m\u1ecdi l\u00f4 h\u00e0ng\" \/>\n<meta property=\"og:url\" content=\"https:\/\/ndvn.farmgo.vn\/vi\/bao-gia-logistics\/\" \/>\n<meta property=\"og:site_name\" content=\"Nguyen Dang Viet Nam Forwarding\" \/>\n<meta property=\"article:publisher\" content=\"https:\/\/www.facebook.com\/NguyenDangVietNam\/\" \/>\n<meta property=\"article:modified_time\" content=\"2021-12-04T03:19:56+00:00\" \/>\n<meta property=\"og:image\" content=\"https:\/\/ndvn.farmgo.vn\/wp-content\/uploads\/2021\/06\/bao-gia-logistics-quotation.jpg\" \/>\n\t<meta property=\"og:image:width\" content=\"800\" \/>\n\t<meta property=\"og:image:height\" content=\"500\" \/>\n\t<meta property=\"og:image:type\" content=\"image\/jpeg\" \/>\n<meta name=\"twitter:card\" content=\"summary_large_image\" \/>\n<meta name=\"twitter:site\" content=\"@NguyenDangLog\" \/>\n<meta name=\"twitter:label1\" content=\"Est. reading time\" \/>\n\t<meta name=\"twitter:data1\" content=\"1 minute\" \/>\n<script type=\"application\/ld+json\" class=\"yoast-schema-graph\">{\"@context\":\"https:\/\/schema.org\",\"@graph\":[{\"@type\":\"WebPage\",\"@id\":\"https:\/\/ndvn.farmgo.vn\/vi\/bao-gia-logistics\/\",\"url\":\"https:\/\/ndvn.farmgo.vn\/vi\/bao-gia-logistics\/\",\"name\":\"B\u00e1o gi\u00e1 logistics - Nguy\u00ean \u0110\u0103ng Vi\u1ec7t Nam forwarding\",\"isPartOf\":{\"@id\":\"https:\/\/ndvn.farmgo.vn\/#website\"},\"primaryImageOfPage\":{\"@id\":\"https:\/\/ndvn.farmgo.vn\/vi\/bao-gia-logistics\/#primaryimage\"},\"image\":{\"@id\":\"https:\/\/ndvn.farmgo.vn\/vi\/bao-gia-logistics\/#primaryimage\"},\"thumbnailUrl\":\"https:\/\/ndvn.farmgo.vn\/wp-content\/uploads\/2021\/06\/bao-gia-logistics-quotation.jpg\",\"datePublished\":\"2019-08-01T09:18:31+00:00\",\"dateModified\":\"2021-12-04T03:19:56+00:00\",\"description\":\"B\u00e1o gi\u00e1 logistics c\u1ee7a Nguy\u00ean \u0110\u0103ng l\u00e0 n\u01a1i b\u1ea1n c\u00f3 th\u1ec3 nh\u1eadn \u0111\u01b0\u1ee3c b\u00e1o gi\u00e1 c\u01b0\u1edbc air, c\u01b0\u1edbc bi\u1ec3n, c\u01b0\u1edbc trucking, local charge, ... cho m\u1ecdi l\u00f4 h\u00e0ng\",\"breadcrumb\":{\"@id\":\"https:\/\/ndvn.farmgo.vn\/vi\/bao-gia-logistics\/#breadcrumb\"},\"inLanguage\":\"vi-VN\",\"potentialAction\":[{\"@type\":\"ReadAction\",\"target\":[\"https:\/\/ndvn.farmgo.vn\/vi\/bao-gia-logistics\/\"]}]},{\"@type\":\"ImageObject\",\"inLanguage\":\"vi-VN\",\"@id\":\"https:\/\/ndvn.farmgo.vn\/vi\/bao-gia-logistics\/#primaryimage\",\"url\":\"https:\/\/ndvn.farmgo.vn\/wp-content\/uploads\/2021\/06\/bao-gia-logistics-quotation.jpg\",\"contentUrl\":\"https:\/\/ndvn.farmgo.vn\/wp-content\/uploads\/2021\/06\/bao-gia-logistics-quotation.jpg\",\"width\":800,\"height\":500,\"caption\":\"B\u00e1o gi\u00e1 logistics - Shipment quotation\"},{\"@type\":\"BreadcrumbList\",\"@id\":\"https:\/\/ndvn.farmgo.vn\/vi\/bao-gia-logistics\/#breadcrumb\",\"itemListElement\":[{\"@type\":\"ListItem\",\"position\":1,\"name\":\"Home\",\"item\":\"https:\/\/ndvn.farmgo.vn\/vi\/\"},{\"@type\":\"ListItem\",\"position\":2,\"name\":\"B\u00e1o gi\u00e1 Logistics\"}]},{\"@type\":\"WebSite\",\"@id\":\"https:\/\/ndvn.farmgo.vn\/#website\",\"url\":\"https:\/\/ndvn.farmgo.vn\/\",\"name\":\"Nguyen Dang Viet Nam Forwarding\",\"description\":\"First class freight forwarder in vietnam\",\"publisher\":{\"@id\":\"https:\/\/ndvn.farmgo.vn\/#organization\"},\"potentialAction\":[{\"@type\":\"SearchAction\",\"target\":{\"@type\":\"EntryPoint\",\"urlTemplate\":\"https:\/\/ndvn.farmgo.vn\/?s={search_term_string}\"},\"query-input\":{\"@type\":\"PropertyValueSpecification\",\"valueRequired\":true,\"valueName\":\"search_term_string\"}}],\"inLanguage\":\"vi-VN\"},{\"@type\":\"Organization\",\"@id\":\"https:\/\/ndvn.farmgo.vn\/#organization\",\"name\":\"Nguyen Dang Viet Nam Forwarding\",\"url\":\"https:\/\/ndvn.farmgo.vn\/\",\"logo\":{\"@type\":\"ImageObject\",\"inLanguage\":\"vi-VN\",\"@id\":\"https:\/\/ndvn.farmgo.vn\/#\/schema\/logo\/image\/\",\"url\":\"https:\/\/nguyendang.net.vn\/wp-content\/uploads\/2020\/07\/nguyen-dang-logo.png\",\"contentUrl\":\"https:\/\/nguyendang.net.vn\/wp-content\/uploads\/2020\/07\/nguyen-dang-logo.png\",\"width\":800,\"height\":200,\"caption\":\"Nguyen Dang Viet Nam Forwarding\"},\"image\":{\"@id\":\"https:\/\/ndvn.farmgo.vn\/#\/schema\/logo\/image\/\"},\"sameAs\":[\"https:\/\/www.facebook.com\/NguyenDangVietNam\/\",\"https:\/\/x.com\/NguyenDangLog\",\"https:\/\/www.instagram.com\/nguyen_dang_vietnam\/\",\"https:\/\/www.linkedin.com\/in\/nguyen-dang-vietnam-849050179\/\",\"https:\/\/www.pinterest.com\/nguyendangvietnammkt\/\",\"https:\/\/www.youtube.com\/channel\/UCBln8cONx2WOb5w-5smFJsA\"]}]}<\/script>\n<!-- \/ Yoast SEO plugin. -->","yoast_head_json":{"title":"B\u00e1o gi\u00e1 logistics - Nguy\u00ean \u0110\u0103ng Vi\u1ec7t Nam forwarding","description":"B\u00e1o gi\u00e1 logistics c\u1ee7a Nguy\u00ean \u0110\u0103ng l\u00e0 n\u01a1i b\u1ea1n c\u00f3 th\u1ec3 nh\u1eadn \u0111\u01b0\u1ee3c b\u00e1o gi\u00e1 c\u01b0\u1edbc air, c\u01b0\u1edbc bi\u1ec3n, c\u01b0\u1edbc trucking, local charge, ... cho m\u1ecdi l\u00f4 h\u00e0ng","robots":{"index":"index","follow":"follow","max-snippet":"max-snippet:-1","max-image-preview":"max-image-preview:large","max-video-preview":"max-video-preview:-1"},"canonical":"https:\/\/ndvn.farmgo.vn\/vi\/bao-gia-logistics\/","og_locale":"vi_VN","og_type":"article","og_title":"B\u00e1o gi\u00e1 logistics - Nguy\u00ean \u0110\u0103ng Vi\u1ec7t Nam forwarding","og_description":"B\u00e1o gi\u00e1 logistics c\u1ee7a Nguy\u00ean \u0110\u0103ng l\u00e0 n\u01a1i b\u1ea1n c\u00f3 th\u1ec3 nh\u1eadn \u0111\u01b0\u1ee3c b\u00e1o gi\u00e1 c\u01b0\u1edbc air, c\u01b0\u1edbc bi\u1ec3n, c\u01b0\u1edbc trucking, local charge, ... cho m\u1ecdi l\u00f4 h\u00e0ng","og_url":"https:\/\/ndvn.farmgo.vn\/vi\/bao-gia-logistics\/","og_site_name":"Nguyen Dang Viet Nam Forwarding","article_publisher":"https:\/\/www.facebook.com\/NguyenDangVietNam\/","article_modified_time":"2021-12-04T03:19:56+00:00","og_image":[{"width":800,"height":500,"url":"https:\/\/ndvn.farmgo.vn\/wp-content\/uploads\/2021\/06\/bao-gia-logistics-quotation.jpg","type":"image\/jpeg"}],"twitter_card":"summary_large_image","twitter_site":"@NguyenDangLog","twitter_misc":{"Est. reading time":"1 minute"},"schema":{"@context":"https:\/\/schema.org","@graph":[{"@type":"WebPage","@id":"https:\/\/ndvn.farmgo.vn\/vi\/bao-gia-logistics\/","url":"https:\/\/ndvn.farmgo.vn\/vi\/bao-gia-logistics\/","name":"B\u00e1o gi\u00e1 logistics - Nguy\u00ean \u0110\u0103ng Vi\u1ec7t Nam forwarding","isPartOf":{"@id":"https:\/\/ndvn.farmgo.vn\/#website"},"primaryImageOfPage":{"@id":"https:\/\/ndvn.farmgo.vn\/vi\/bao-gia-logistics\/#primaryimage"},"image":{"@id":"https:\/\/ndvn.farmgo.vn\/vi\/bao-gia-logistics\/#primaryimage"},"thumbnailUrl":"https:\/\/ndvn.farmgo.vn\/wp-content\/uploads\/2021\/06\/bao-gia-logistics-quotation.jpg","datePublished":"2019-08-01T09:18:31+00:00","dateModified":"2021-12-04T03:19:56+00:00","description":"B\u00e1o gi\u00e1 logistics c\u1ee7a Nguy\u00ean \u0110\u0103ng l\u00e0 n\u01a1i b\u1ea1n c\u00f3 th\u1ec3 nh\u1eadn \u0111\u01b0\u1ee3c b\u00e1o gi\u00e1 c\u01b0\u1edbc air, c\u01b0\u1edbc bi\u1ec3n, c\u01b0\u1edbc trucking, local charge, ... cho m\u1ecdi l\u00f4 h\u00e0ng","breadcrumb":{"@id":"https:\/\/ndvn.farmgo.vn\/vi\/bao-gia-logistics\/#breadcrumb"},"inLanguage":"vi-VN","potentialAction":[{"@type":"ReadAction","target":["https:\/\/ndvn.farmgo.vn\/vi\/bao-gia-logistics\/"]}]},{"@type":"ImageObject","inLanguage":"vi-VN","@id":"https:\/\/ndvn.farmgo.vn\/vi\/bao-gia-logistics\/#primaryimage","url":"https:\/\/ndvn.farmgo.vn\/wp-content\/uploads\/2021\/06\/bao-gia-logistics-quotation.jpg","contentUrl":"https:\/\/ndvn.farmgo.vn\/wp-content\/uploads\/2021\/06\/bao-gia-logistics-quotation.jpg","width":800,"height":500,"caption":"B\u00e1o gi\u00e1 logistics - Shipment quotation"},{"@type":"BreadcrumbList","@id":"https:\/\/ndvn.farmgo.vn\/vi\/bao-gia-logistics\/#breadcrumb","itemListElement":[{"@type":"ListItem","position":1,"name":"Home","item":"https:\/\/ndvn.farmgo.vn\/vi\/"},{"@type":"ListItem","position":2,"name":"B\u00e1o gi\u00e1 Logistics"}]},{"@type":"WebSite","@id":"https:\/\/ndvn.farmgo.vn\/#website","url":"https:\/\/ndvn.farmgo.vn\/","name":"Nguyen Dang Viet Nam Forwarding","description":"First class freight forwarder in vietnam","publisher":{"@id":"https:\/\/ndvn.farmgo.vn\/#organization"},"potentialAction":[{"@type":"SearchAction","target":{"@type":"EntryPoint","urlTemplate":"https:\/\/ndvn.farmgo.vn\/?s={search_term_string}"},"query-input":{"@type":"PropertyValueSpecification","valueRequired":true,"valueName":"search_term_string"}}],"inLanguage":"vi-VN"},{"@type":"Organization","@id":"https:\/\/ndvn.farmgo.vn\/#organization","name":"Nguyen Dang Viet Nam Forwarding","url":"https:\/\/ndvn.farmgo.vn\/","logo":{"@type":"ImageObject","inLanguage":"vi-VN","@id":"https:\/\/ndvn.farmgo.vn\/#\/schema\/logo\/image\/","url":"https:\/\/nguyendang.net.vn\/wp-content\/uploads\/2020\/07\/nguyen-dang-logo.png","contentUrl":"https:\/\/nguyendang.net.vn\/wp-content\/uploads\/2020\/07\/nguyen-dang-logo.png","width":800,"height":200,"caption":"Nguyen Dang Viet Nam Forwarding"},"image":{"@id":"https:\/\/ndvn.farmgo.vn\/#\/schema\/logo\/image\/"},"sameAs":["https:\/\/www.facebook.com\/NguyenDangVietNam\/","https:\/\/x.com\/NguyenDangLog","https:\/\/www.instagram.com\/nguyen_dang_vietnam\/","https:\/\/www.linkedin.com\/in\/nguyen-dang-vietnam-849050179\/","https:\/\/www.pinterest.com\/nguyendangvietnammkt\/","https:\/\/www.youtube.com\/channel\/UCBln8cONx2WOb5w-5smFJsA"]}]}},"_links":{"self":[{"href":"https:\/\/ndvn.farmgo.vn\/vi\/wp-json\/wp\/v2\/pages\/1861","targetHints":{"allow":["GET"]}}],"collection":[{"href":"https:\/\/ndvn.farmgo.vn\/vi\/wp-json\/wp\/v2\/pages"}],"about":[{"href":"https:\/\/ndvn.farmgo.vn\/vi\/wp-json\/wp\/v2\/types\/page"}],"author":[{"embeddable":true,"href":"https:\/\/ndvn.farmgo.vn\/vi\/wp-json\/wp\/v2\/users\/1"}],"replies":[{"embeddable":true,"href":"https:\/\/ndvn.farmgo.vn\/vi\/wp-json\/wp\/v2\/comments?post=1861"}],"version-history":[{"count":23,"href":"https:\/\/ndvn.farmgo.vn\/vi\/wp-json\/wp\/v2\/pages\/1861\/revisions"}],"predecessor-version":[{"id":24903,"href":"https:\/\/ndvn.farmgo.vn\/vi\/wp-json\/wp\/v2\/pages\/1861\/revisions\/24903"}],"wp:featuredmedia":[{"embeddable":true,"href":"https:\/\/ndvn.farmgo.vn\/vi\/wp-json\/wp\/v2\/media\/21018"}],"wp:attachment":[{"href":"https:\/\/ndvn.farmgo.vn\/vi\/wp-json\/wp\/v2\/media?parent=1861"}],"curies":[{"name":"wp","href":"https:\/\/api.w.org\/{rel}","templated":true}]}}