{"id":1739,"date":"2019-07-30T07:41:10","date_gmt":"2019-07-30T07:41:10","guid":{"rendered":"https:\/\/nguyendang.net.vn?page_id=1739"},"modified":"2021-06-03T11:01:12","modified_gmt":"2021-06-03T04:01:12","slug":"ho-so-nang-luc-nguyen-dang","status":"publish","type":"page","link":"https:\/\/ndvn.farmgo.vn\/vi\/ho-so-nang-luc-nguyen-dang\/","title":{"rendered":"H\u1ed3 s\u01a1 n\u0103ng l\u1ef1c"},"content":{"rendered":"\t<div id=\"gap-374504746\" class=\"gap-element clearfix\" style=\"display:block; height:auto;\">\n\t\t\n<style>\n#gap-374504746 {\n  padding-top: 95px;\n}\n<\/style>\n\t<\/div>\n\t\n<h2 style=\"text-align: center;\"><strong>H\u1ed2 S\u01a0 N\u0102NG L\u1ef0C NGUY\u00caN \u0110\u0102NG<\/strong><\/h2>\n\t<div id=\"gap-1334739837\" class=\"gap-element clearfix\" style=\"display:block; height:auto;\">\n\t\t\n<style>\n#gap-1334739837 {\n  padding-top: 46px;\n}\n<\/style>\n\t<\/div>\n\t\n<div class=\"slider-wrapper relative\" id=\"slider-1088930161\" >\n    <div class=\"slider slider-nav-circle slider-nav-large slider-nav-dark slider-style-focus\"\n        data-flickity-options='{\n            \"cellAlign\": \"center\",\n            \"imagesLoaded\": true,\n            \"lazyLoad\": 1,\n            \"freeScroll\": true,\n            \"wrapAround\": true,\n            \"autoPlay\": 6000,\n            \"pauseAutoPlayOnHover\" : true,\n            \"prevNextButtons\": true,\n            \"contain\" : true,\n            \"adaptiveHeight\" : true,\n            \"dragThreshold\" : 10,\n            \"percentPosition\": true,\n            \"pageDots\": true,\n            \"rightToLeft\": false,\n            \"draggable\": true,\n            \"selectedAttraction\": 0.1,\n            \"parallax\" : 0,\n            \"friction\": 0.6        }'\n        >\n        \n\t<div class=\"img has-hover x md-x lg-x y md-y lg-y\" id=\"image_1554433619\">\n\t\t\t\t\t\t\t\t<div class=\"img-inner dark\" >\n\t\t\t<img loading=\"lazy\" decoding=\"async\" width=\"800\" height=\"500\" src=\"https:\/\/ndvn.farmgo.vn\/wp-content\/uploads\/2021\/05\/nguyen-dang-viet-nam-forwarding.jpg\" class=\"attachment-large size-large\" alt=\"Nguy\u00ean \u0110\u0103ng Vi\u1ec7t Nam - freight Forwarder Vi\u1ec7t Nam\" srcset=\"https:\/\/ndvn.farmgo.vn\/wp-content\/uploads\/2021\/05\/nguyen-dang-viet-nam-forwarding.jpg 800w, https:\/\/ndvn.farmgo.vn\/wp-content\/uploads\/2021\/05\/nguyen-dang-viet-nam-forwarding-510x319.jpg 510w, https:\/\/ndvn.farmgo.vn\/wp-content\/uploads\/2021\/05\/nguyen-dang-viet-nam-forwarding-640x400.jpg 640w, https:\/\/ndvn.farmgo.vn\/wp-content\/uploads\/2021\/05\/nguyen-dang-viet-nam-forwarding-768x480.jpg 768w\" sizes=\"auto, (max-width: 800px) 100vw, 800px\" \/>\t\t\t\t\t\t\n\t\t\t\t\t<\/div>\n\t\t\t\t\t\t\t\t\n<style>\n#image_1554433619 {\n  width: 100%;\n}\n<\/style>\n\t<\/div>\n\t\n\t<div class=\"img has-hover x md-x lg-x y md-y lg-y\" id=\"image_1123827607\">\n\t\t\t\t\t\t\t\t<div class=\"img-inner dark\" >\n\t\t\t<img loading=\"lazy\" decoding=\"async\" width=\"1020\" height=\"721\" src=\"https:\/\/ndvn.farmgo.vn\/wp-content\/uploads\/2020\/11\/1-2-1-1132x800.jpg\" class=\"attachment-large size-large\" alt=\"H\u1ed3 s\u01a1 n\u0103ng l\u1ef1c Nguy\u00ean \u0110\u0103ng Vi\u1ec7t Nam\" srcset=\"https:\/\/ndvn.farmgo.vn\/wp-content\/uploads\/2020\/11\/1-2-1-1132x800.jpg 1132w, https:\/\/ndvn.farmgo.vn\/wp-content\/uploads\/2020\/11\/1-2-1-scaled-510x360.jpg 510w, https:\/\/ndvn.farmgo.vn\/wp-content\/uploads\/2020\/11\/1-2-1-566x400.jpg 566w, https:\/\/ndvn.farmgo.vn\/wp-content\/uploads\/2020\/11\/1-2-1-768x543.jpg 768w, https:\/\/ndvn.farmgo.vn\/wp-content\/uploads\/2020\/11\/1-2-1-1536x1086.jpg 1536w, https:\/\/ndvn.farmgo.vn\/wp-content\/uploads\/2020\/11\/1-2-1-2048x1447.jpg 2048w\" sizes=\"auto, (max-width: 1020px) 100vw, 1020px\" \/>\t\t\t\t\t\t\n\t\t\t\t\t<\/div>\n\t\t\t\t\t\t\t\t\n<style>\n#image_1123827607 {\n  width: 100%;\n}\n<\/style>\n\t<\/div>\n\t\n\t<div class=\"img has-hover x md-x lg-x y md-y lg-y\" id=\"image_650557754\">\n\t\t\t\t\t\t\t\t<div class=\"img-inner dark\" >\n\t\t\t<img loading=\"lazy\" decoding=\"async\" width=\"1020\" height=\"721\" src=\"https:\/\/ndvn.farmgo.vn\/wp-content\/uploads\/2020\/11\/3-4-1-1132x800.jpg\" class=\"attachment-large size-large\" alt=\"H\u1ed3 s\u01a1 n\u0103ng l\u1ef1c Nguy\u00ean \u0110\u0103ng Vi\u1ec7t Nam\" srcset=\"https:\/\/ndvn.farmgo.vn\/wp-content\/uploads\/2020\/11\/3-4-1-1132x800.jpg 1132w, https:\/\/ndvn.farmgo.vn\/wp-content\/uploads\/2020\/11\/3-4-1-scaled-510x360.jpg 510w, https:\/\/ndvn.farmgo.vn\/wp-content\/uploads\/2020\/11\/3-4-1-566x400.jpg 566w, https:\/\/ndvn.farmgo.vn\/wp-content\/uploads\/2020\/11\/3-4-1-768x543.jpg 768w, https:\/\/ndvn.farmgo.vn\/wp-content\/uploads\/2020\/11\/3-4-1-1536x1086.jpg 1536w, https:\/\/ndvn.farmgo.vn\/wp-content\/uploads\/2020\/11\/3-4-1-2048x1447.jpg 2048w\" sizes=\"auto, (max-width: 1020px) 100vw, 1020px\" \/>\t\t\t\t\t\t\n\t\t\t\t\t<\/div>\n\t\t\t\t\t\t\t\t\n<style>\n#image_650557754 {\n  width: 100%;\n}\n<\/style>\n\t<\/div>\n\t\n\t<div class=\"img has-hover x md-x lg-x y md-y lg-y\" id=\"image_1321586290\">\n\t\t\t\t\t\t\t\t<div class=\"img-inner dark\" >\n\t\t\t<img loading=\"lazy\" decoding=\"async\" width=\"1020\" height=\"721\" src=\"https:\/\/ndvn.farmgo.vn\/wp-content\/uploads\/2020\/11\/5-6-1-1132x800.jpg\" class=\"attachment-large size-large\" alt=\"H\u1ed3 s\u01a1 n\u0103ng l\u1ef1c Nguy\u00ean \u0110\u0103ng Vi\u1ec7t Nam\" srcset=\"https:\/\/ndvn.farmgo.vn\/wp-content\/uploads\/2020\/11\/5-6-1-1132x800.jpg 1132w, https:\/\/ndvn.farmgo.vn\/wp-content\/uploads\/2020\/11\/5-6-1-scaled-510x360.jpg 510w, https:\/\/ndvn.farmgo.vn\/wp-content\/uploads\/2020\/11\/5-6-1-566x400.jpg 566w, https:\/\/ndvn.farmgo.vn\/wp-content\/uploads\/2020\/11\/5-6-1-768x543.jpg 768w, https:\/\/ndvn.farmgo.vn\/wp-content\/uploads\/2020\/11\/5-6-1-1536x1086.jpg 1536w, https:\/\/ndvn.farmgo.vn\/wp-content\/uploads\/2020\/11\/5-6-1-2048x1447.jpg 2048w\" sizes=\"auto, (max-width: 1020px) 100vw, 1020px\" \/>\t\t\t\t\t\t\n\t\t\t\t\t<\/div>\n\t\t\t\t\t\t\t\t\n<style>\n#image_1321586290 {\n  width: 100%;\n}\n<\/style>\n\t<\/div>\n\t\n\t<div class=\"img has-hover x md-x lg-x y md-y lg-y\" id=\"image_1272912486\">\n\t\t\t\t\t\t\t\t<div class=\"img-inner dark\" >\n\t\t\t<img loading=\"lazy\" decoding=\"async\" width=\"1020\" height=\"721\" src=\"https:\/\/ndvn.farmgo.vn\/wp-content\/uploads\/2020\/11\/7-8-1-1132x800.jpg\" class=\"attachment-large size-large\" alt=\"H\u1ed3 s\u01a1 n\u0103ng l\u1ef1c Nguy\u00ean \u0110\u0103ng Vi\u1ec7t Nam\" srcset=\"https:\/\/ndvn.farmgo.vn\/wp-content\/uploads\/2020\/11\/7-8-1-1132x800.jpg 1132w, https:\/\/ndvn.farmgo.vn\/wp-content\/uploads\/2020\/11\/7-8-1-scaled-510x360.jpg 510w, https:\/\/ndvn.farmgo.vn\/wp-content\/uploads\/2020\/11\/7-8-1-566x400.jpg 566w, https:\/\/ndvn.farmgo.vn\/wp-content\/uploads\/2020\/11\/7-8-1-768x543.jpg 768w, https:\/\/ndvn.farmgo.vn\/wp-content\/uploads\/2020\/11\/7-8-1-1536x1086.jpg 1536w, https:\/\/ndvn.farmgo.vn\/wp-content\/uploads\/2020\/11\/7-8-1-2048x1447.jpg 2048w\" sizes=\"auto, (max-width: 1020px) 100vw, 1020px\" \/>\t\t\t\t\t\t\n\t\t\t\t\t<\/div>\n\t\t\t\t\t\t\t\t\n<style>\n#image_1272912486 {\n  width: 100%;\n}\n<\/style>\n\t<\/div>\n\t\n\t<div class=\"img has-hover x md-x lg-x y md-y lg-y\" id=\"image_1024966404\">\n\t\t\t\t\t\t\t\t<div class=\"img-inner dark\" >\n\t\t\t<img loading=\"lazy\" decoding=\"async\" width=\"1020\" height=\"721\" src=\"https:\/\/ndvn.farmgo.vn\/wp-content\/uploads\/2020\/11\/9-10-1-1132x800.jpg\" class=\"attachment-large size-large\" alt=\"H\u1ed3 s\u01a1 n\u0103ng l\u1ef1c Nguy\u00ean \u0110\u0103ng Vi\u1ec7t Nam\" srcset=\"https:\/\/ndvn.farmgo.vn\/wp-content\/uploads\/2020\/11\/9-10-1-1132x800.jpg 1132w, https:\/\/ndvn.farmgo.vn\/wp-content\/uploads\/2020\/11\/9-10-1-scaled-510x360.jpg 510w, https:\/\/ndvn.farmgo.vn\/wp-content\/uploads\/2020\/11\/9-10-1-566x400.jpg 566w, https:\/\/ndvn.farmgo.vn\/wp-content\/uploads\/2020\/11\/9-10-1-768x543.jpg 768w, https:\/\/ndvn.farmgo.vn\/wp-content\/uploads\/2020\/11\/9-10-1-1536x1086.jpg 1536w, https:\/\/ndvn.farmgo.vn\/wp-content\/uploads\/2020\/11\/9-10-1-2048x1447.jpg 2048w\" sizes=\"auto, (max-width: 1020px) 100vw, 1020px\" \/>\t\t\t\t\t\t\n\t\t\t\t\t<\/div>\n\t\t\t\t\t\t\t\t\n<style>\n#image_1024966404 {\n  width: 100%;\n}\n<\/style>\n\t<\/div>\n\t\n\t<div class=\"img has-hover x md-x lg-x y md-y lg-y\" id=\"image_1937487009\">\n\t\t\t\t\t\t\t\t<div class=\"img-inner dark\" >\n\t\t\t<img loading=\"lazy\" decoding=\"async\" width=\"1020\" height=\"721\" src=\"https:\/\/ndvn.farmgo.vn\/wp-content\/uploads\/2020\/11\/11-12-1-1132x800.jpg\" class=\"attachment-large size-large\" alt=\"H\u1ed3 s\u01a1 n\u0103ng l\u1ef1c Nguy\u00ean \u0110\u0103ng Vi\u1ec7t Nam\" srcset=\"https:\/\/ndvn.farmgo.vn\/wp-content\/uploads\/2020\/11\/11-12-1-1132x800.jpg 1132w, https:\/\/ndvn.farmgo.vn\/wp-content\/uploads\/2020\/11\/11-12-1-scaled-510x360.jpg 510w, https:\/\/ndvn.farmgo.vn\/wp-content\/uploads\/2020\/11\/11-12-1-566x400.jpg 566w, https:\/\/ndvn.farmgo.vn\/wp-content\/uploads\/2020\/11\/11-12-1-768x543.jpg 768w, https:\/\/ndvn.farmgo.vn\/wp-content\/uploads\/2020\/11\/11-12-1-1536x1086.jpg 1536w, https:\/\/ndvn.farmgo.vn\/wp-content\/uploads\/2020\/11\/11-12-1-2048x1447.jpg 2048w\" sizes=\"auto, (max-width: 1020px) 100vw, 1020px\" \/>\t\t\t\t\t\t\n\t\t\t\t\t<\/div>\n\t\t\t\t\t\t\t\t\n<style>\n#image_1937487009 {\n  width: 100%;\n}\n<\/style>\n\t<\/div>\n\t\n\t<div class=\"img has-hover x md-x lg-x y md-y lg-y\" id=\"image_975016534\">\n\t\t\t\t\t\t\t\t<div class=\"img-inner dark\" >\n\t\t\t<img loading=\"lazy\" decoding=\"async\" width=\"1020\" height=\"721\" src=\"https:\/\/ndvn.farmgo.vn\/wp-content\/uploads\/2020\/11\/13-14-1-1132x800.jpg\" class=\"attachment-large size-large\" alt=\"H\u1ed3 s\u01a1 n\u0103ng l\u1ef1c Nguy\u00ean \u0110\u0103ng Vi\u1ec7t Nam\" srcset=\"https:\/\/ndvn.farmgo.vn\/wp-content\/uploads\/2020\/11\/13-14-1-1132x800.jpg 1132w, https:\/\/ndvn.farmgo.vn\/wp-content\/uploads\/2020\/11\/13-14-1-scaled-510x360.jpg 510w, https:\/\/ndvn.farmgo.vn\/wp-content\/uploads\/2020\/11\/13-14-1-566x400.jpg 566w, https:\/\/ndvn.farmgo.vn\/wp-content\/uploads\/2020\/11\/13-14-1-768x543.jpg 768w, https:\/\/ndvn.farmgo.vn\/wp-content\/uploads\/2020\/11\/13-14-1-1536x1086.jpg 1536w, https:\/\/ndvn.farmgo.vn\/wp-content\/uploads\/2020\/11\/13-14-1-2048x1447.jpg 2048w\" sizes=\"auto, (max-width: 1020px) 100vw, 1020px\" \/>\t\t\t\t\t\t\n\t\t\t\t\t<\/div>\n\t\t\t\t\t\t\t\t\n<style>\n#image_975016534 {\n  width: 100%;\n}\n<\/style>\n\t<\/div>\n\t\n\t<div class=\"img has-hover x md-x lg-x y md-y lg-y\" id=\"image_906351823\">\n\t\t\t\t\t\t\t\t<div class=\"img-inner dark\" >\n\t\t\t<img loading=\"lazy\" decoding=\"async\" width=\"1020\" height=\"721\" src=\"https:\/\/ndvn.farmgo.vn\/wp-content\/uploads\/2020\/11\/15-16-1-1132x800.jpg\" class=\"attachment-large size-large\" alt=\"H\u1ed3 s\u01a1 n\u0103ng l\u1ef1c Nguy\u00ean \u0110\u0103ng Vi\u1ec7t Nam\" srcset=\"https:\/\/ndvn.farmgo.vn\/wp-content\/uploads\/2020\/11\/15-16-1-1132x800.jpg 1132w, https:\/\/ndvn.farmgo.vn\/wp-content\/uploads\/2020\/11\/15-16-1-scaled-510x360.jpg 510w, https:\/\/ndvn.farmgo.vn\/wp-content\/uploads\/2020\/11\/15-16-1-566x400.jpg 566w, https:\/\/ndvn.farmgo.vn\/wp-content\/uploads\/2020\/11\/15-16-1-768x543.jpg 768w, https:\/\/ndvn.farmgo.vn\/wp-content\/uploads\/2020\/11\/15-16-1-1536x1086.jpg 1536w, https:\/\/ndvn.farmgo.vn\/wp-content\/uploads\/2020\/11\/15-16-1-2048x1447.jpg 2048w\" sizes=\"auto, (max-width: 1020px) 100vw, 1020px\" \/>\t\t\t\t\t\t\n\t\t\t\t\t<\/div>\n\t\t\t\t\t\t\t\t\n<style>\n#image_906351823 {\n  width: 100%;\n}\n<\/style>\n\t<\/div>\n\t\n\t<div class=\"img has-hover x md-x lg-x y md-y lg-y\" id=\"image_1958579686\">\n\t\t\t\t\t\t\t\t<div class=\"img-inner dark\" >\n\t\t\t<img loading=\"lazy\" decoding=\"async\" width=\"1020\" height=\"721\" src=\"https:\/\/ndvn.farmgo.vn\/wp-content\/uploads\/2020\/11\/17-18-1-1132x800.jpg\" class=\"attachment-large size-large\" alt=\"H\u1ed3 s\u01a1 n\u0103ng l\u1ef1c Nguy\u00ean \u0110\u0103ng Vi\u1ec7t Nam\" srcset=\"https:\/\/ndvn.farmgo.vn\/wp-content\/uploads\/2020\/11\/17-18-1-1132x800.jpg 1132w, https:\/\/ndvn.farmgo.vn\/wp-content\/uploads\/2020\/11\/17-18-1-scaled-510x360.jpg 510w, https:\/\/ndvn.farmgo.vn\/wp-content\/uploads\/2020\/11\/17-18-1-566x400.jpg 566w, https:\/\/ndvn.farmgo.vn\/wp-content\/uploads\/2020\/11\/17-18-1-768x543.jpg 768w, https:\/\/ndvn.farmgo.vn\/wp-content\/uploads\/2020\/11\/17-18-1-1536x1086.jpg 1536w, https:\/\/ndvn.farmgo.vn\/wp-content\/uploads\/2020\/11\/17-18-1-2048x1447.jpg 2048w\" sizes=\"auto, (max-width: 1020px) 100vw, 1020px\" \/>\t\t\t\t\t\t\n\t\t\t\t\t<\/div>\n\t\t\t\t\t\t\t\t\n<style>\n#image_1958579686 {\n  width: 100%;\n}\n<\/style>\n\t<\/div>\n\t\n     <\/div>\n\n     <div class=\"loading-spin dark large centered\"><\/div>\n\n\t<\/div>\n\n\n<div class=\"row align-center\"  id=\"row-1135509349\">\n\n\t<div id=\"col-512534040\" class=\"col medium-5 small-12 large-5\"  >\n\t\t\t\t<div class=\"col-inner\"  >\n\t\t\t\n\t\t\t\n<a href=\"https:\/\/nguyendang.net.vn\/wp-content\/uploads\/2020\/11\/profile-vie.pdf\" class=\"button secondary is-shade is-larger box-shadow-4 box-shadow-5-hover\" style=\"border-radius:10px;\">\n\t\t<span>T\u1ea2I B\u1ea2N CH\u1ea4T L\u01af\u1ee2NG CAO<\/span>\n\t<\/a>\n\n\t\t<\/div>\n\t\t\t\t\t<\/div>\n\n\t\n\n\t<div id=\"col-414393029\" class=\"col medium-5 small-12 large-5\"  >\n\t\t\t\t<div class=\"col-inner\"  >\n\t\t\t\n\t\t\t\n<a href=\"https:\/\/nguyendang.net.vn\/wp-content\/uploads\/2020\/11\/profile-vie-lite.pdf\" class=\"button alert is-shade is-larger box-shadow-4 box-shadow-5-hover\" style=\"border-radius:10px;\">\n\t\t<span>T\u1ea2I B\u1ea2N DUNG L\u01af\u1ee2NG TH\u1ea4P<\/span>\n\t<\/a>\n\n\t\t<\/div>\n\t\t\t\t\t<\/div>\n\n\t\n\n<style>\n#row-1135509349 > .col > .col-inner {\n  padding: 50px 0px 0px 0px;\n}\n<\/style>\n<\/div>\n","protected":false},"excerpt":{"rendered":"<p>H\u1ed2 S\u01a0 N\u0102NG L\u1ef0C NGUY\u00caN \u0110\u0102NG<\/p>\n","protected":false},"author":1,"featured_media":21030,"parent":0,"menu_order":0,"comment_status":"closed","ping_status":"closed","template":"","meta":{"_acf_changed":false,"footnotes":""},"class_list":["post-1739","page","type-page","status-publish","has-post-thumbnail","hentry"],"acf":[],"yoast_head":"<!-- This site is optimized with the Yoast SEO plugin v26.6 - https:\/\/yoast.com\/wordpress\/plugins\/seo\/ -->\n<title>H\u1ed3 s\u01a1 n\u0103ng l\u1ef1c nguy\u00ean \u0111\u0103ng - Nguy\u00ean \u0110\u0103ng Vi\u1ec7t Nam forwarding<\/title>\n<meta name=\"description\" content=\"Xem v\u00e0 t\u1ea3i xu\u1ed1ng h\u1ed3 s\u01a1 n\u0103ng l\u1ef1c c\u1ee7a Nguy\u00ean \u0110\u0103ng Vi\u1ec7t Nam - doanh nghi\u1ec7p h\u00e0ng \u0111\u1ea7u trong l\u0129nh v\u1ef1c giao nh\u1eadn v\u1eadn t\u1ea3i - Freight forwarder\" \/>\n<meta name=\"robots\" content=\"index, follow, max-snippet:-1, max-image-preview:large, max-video-preview:-1\" \/>\n<link rel=\"canonical\" href=\"https:\/\/ndvn.farmgo.vn\/vi\/ho-so-nang-luc-nguyen-dang\/\" \/>\n<meta property=\"og:locale\" content=\"vi_VN\" \/>\n<meta property=\"og:type\" content=\"article\" \/>\n<meta property=\"og:title\" content=\"H\u1ed3 s\u01a1 n\u0103ng l\u1ef1c nguy\u00ean \u0111\u0103ng - Nguy\u00ean \u0110\u0103ng Vi\u1ec7t Nam forwarding\" \/>\n<meta property=\"og:description\" content=\"Xem v\u00e0 t\u1ea3i xu\u1ed1ng h\u1ed3 s\u01a1 n\u0103ng l\u1ef1c c\u1ee7a Nguy\u00ean \u0110\u0103ng Vi\u1ec7t Nam - doanh nghi\u1ec7p h\u00e0ng \u0111\u1ea7u trong l\u0129nh v\u1ef1c giao nh\u1eadn v\u1eadn t\u1ea3i - Freight forwarder\" \/>\n<meta property=\"og:url\" content=\"https:\/\/ndvn.farmgo.vn\/vi\/ho-so-nang-luc-nguyen-dang\/\" \/>\n<meta property=\"og:site_name\" content=\"Nguyen Dang Viet Nam Forwarding\" \/>\n<meta property=\"article:publisher\" content=\"https:\/\/www.facebook.com\/NguyenDangVietNam\/\" \/>\n<meta property=\"article:modified_time\" content=\"2021-06-03T04:01:12+00:00\" \/>\n<meta property=\"og:image\" content=\"https:\/\/ndvn.farmgo.vn\/wp-content\/uploads\/2021\/06\/ho-so-nang-luc-nguyen-dang-viet-nam-capacity-profile.jpg\" \/>\n\t<meta property=\"og:image:width\" content=\"800\" \/>\n\t<meta property=\"og:image:height\" content=\"500\" \/>\n\t<meta property=\"og:image:type\" content=\"image\/jpeg\" \/>\n<meta name=\"twitter:card\" content=\"summary_large_image\" \/>\n<meta name=\"twitter:site\" content=\"@NguyenDangLog\" \/>\n<meta name=\"twitter:label1\" content=\"Est. reading time\" \/>\n\t<meta name=\"twitter:data1\" content=\"1 minute\" \/>\n<script type=\"application\/ld+json\" class=\"yoast-schema-graph\">{\"@context\":\"https:\/\/schema.org\",\"@graph\":[{\"@type\":\"WebPage\",\"@id\":\"https:\/\/ndvn.farmgo.vn\/vi\/ho-so-nang-luc-nguyen-dang\/\",\"url\":\"https:\/\/ndvn.farmgo.vn\/vi\/ho-so-nang-luc-nguyen-dang\/\",\"name\":\"H\u1ed3 s\u01a1 n\u0103ng l\u1ef1c nguy\u00ean \u0111\u0103ng - Nguy\u00ean \u0110\u0103ng Vi\u1ec7t Nam forwarding\",\"isPartOf\":{\"@id\":\"https:\/\/ndvn.farmgo.vn\/#website\"},\"primaryImageOfPage\":{\"@id\":\"https:\/\/ndvn.farmgo.vn\/vi\/ho-so-nang-luc-nguyen-dang\/#primaryimage\"},\"image\":{\"@id\":\"https:\/\/ndvn.farmgo.vn\/vi\/ho-so-nang-luc-nguyen-dang\/#primaryimage\"},\"thumbnailUrl\":\"https:\/\/ndvn.farmgo.vn\/wp-content\/uploads\/2021\/06\/ho-so-nang-luc-nguyen-dang-viet-nam-capacity-profile.jpg\",\"datePublished\":\"2019-07-30T07:41:10+00:00\",\"dateModified\":\"2021-06-03T04:01:12+00:00\",\"description\":\"Xem v\u00e0 t\u1ea3i xu\u1ed1ng h\u1ed3 s\u01a1 n\u0103ng l\u1ef1c c\u1ee7a Nguy\u00ean \u0110\u0103ng Vi\u1ec7t Nam - doanh nghi\u1ec7p h\u00e0ng \u0111\u1ea7u trong l\u0129nh v\u1ef1c giao nh\u1eadn v\u1eadn t\u1ea3i - Freight forwarder\",\"breadcrumb\":{\"@id\":\"https:\/\/ndvn.farmgo.vn\/vi\/ho-so-nang-luc-nguyen-dang\/#breadcrumb\"},\"inLanguage\":\"vi-VN\",\"potentialAction\":[{\"@type\":\"ReadAction\",\"target\":[\"https:\/\/ndvn.farmgo.vn\/vi\/ho-so-nang-luc-nguyen-dang\/\"]}]},{\"@type\":\"ImageObject\",\"inLanguage\":\"vi-VN\",\"@id\":\"https:\/\/ndvn.farmgo.vn\/vi\/ho-so-nang-luc-nguyen-dang\/#primaryimage\",\"url\":\"https:\/\/ndvn.farmgo.vn\/wp-content\/uploads\/2021\/06\/ho-so-nang-luc-nguyen-dang-viet-nam-capacity-profile.jpg\",\"contentUrl\":\"https:\/\/ndvn.farmgo.vn\/wp-content\/uploads\/2021\/06\/ho-so-nang-luc-nguyen-dang-viet-nam-capacity-profile.jpg\",\"width\":800,\"height\":500,\"caption\":\"H\u1ed3 s\u01a1 n\u0103ng l\u1ef1c Nguy\u00ean \u0110\u0103ng Vi\u1ec7t Nam - Nguyen Dang Viet Nam Capacity profile\"},{\"@type\":\"BreadcrumbList\",\"@id\":\"https:\/\/ndvn.farmgo.vn\/vi\/ho-so-nang-luc-nguyen-dang\/#breadcrumb\",\"itemListElement\":[{\"@type\":\"ListItem\",\"position\":1,\"name\":\"Home\",\"item\":\"https:\/\/ndvn.farmgo.vn\/vi\/\"},{\"@type\":\"ListItem\",\"position\":2,\"name\":\"H\u1ed3 s\u01a1 n\u0103ng l\u1ef1c\"}]},{\"@type\":\"WebSite\",\"@id\":\"https:\/\/ndvn.farmgo.vn\/#website\",\"url\":\"https:\/\/ndvn.farmgo.vn\/\",\"name\":\"Nguyen Dang Viet Nam Forwarding\",\"description\":\"First class freight forwarder in vietnam\",\"publisher\":{\"@id\":\"https:\/\/ndvn.farmgo.vn\/#organization\"},\"potentialAction\":[{\"@type\":\"SearchAction\",\"target\":{\"@type\":\"EntryPoint\",\"urlTemplate\":\"https:\/\/ndvn.farmgo.vn\/?s={search_term_string}\"},\"query-input\":{\"@type\":\"PropertyValueSpecification\",\"valueRequired\":true,\"valueName\":\"search_term_string\"}}],\"inLanguage\":\"vi-VN\"},{\"@type\":\"Organization\",\"@id\":\"https:\/\/ndvn.farmgo.vn\/#organization\",\"name\":\"Nguyen Dang Viet Nam Forwarding\",\"url\":\"https:\/\/ndvn.farmgo.vn\/\",\"logo\":{\"@type\":\"ImageObject\",\"inLanguage\":\"vi-VN\",\"@id\":\"https:\/\/ndvn.farmgo.vn\/#\/schema\/logo\/image\/\",\"url\":\"https:\/\/nguyendang.net.vn\/wp-content\/uploads\/2020\/07\/nguyen-dang-logo.png\",\"contentUrl\":\"https:\/\/nguyendang.net.vn\/wp-content\/uploads\/2020\/07\/nguyen-dang-logo.png\",\"width\":800,\"height\":200,\"caption\":\"Nguyen Dang Viet Nam Forwarding\"},\"image\":{\"@id\":\"https:\/\/ndvn.farmgo.vn\/#\/schema\/logo\/image\/\"},\"sameAs\":[\"https:\/\/www.facebook.com\/NguyenDangVietNam\/\",\"https:\/\/x.com\/NguyenDangLog\",\"https:\/\/www.instagram.com\/nguyen_dang_vietnam\/\",\"https:\/\/www.linkedin.com\/in\/nguyen-dang-vietnam-849050179\/\",\"https:\/\/www.pinterest.com\/nguyendangvietnammkt\/\",\"https:\/\/www.youtube.com\/channel\/UCBln8cONx2WOb5w-5smFJsA\"]}]}<\/script>\n<!-- \/ Yoast SEO plugin. -->","yoast_head_json":{"title":"H\u1ed3 s\u01a1 n\u0103ng l\u1ef1c nguy\u00ean \u0111\u0103ng - Nguy\u00ean \u0110\u0103ng Vi\u1ec7t Nam forwarding","description":"Xem v\u00e0 t\u1ea3i xu\u1ed1ng h\u1ed3 s\u01a1 n\u0103ng l\u1ef1c c\u1ee7a Nguy\u00ean \u0110\u0103ng Vi\u1ec7t Nam - doanh nghi\u1ec7p h\u00e0ng \u0111\u1ea7u trong l\u0129nh v\u1ef1c giao nh\u1eadn v\u1eadn t\u1ea3i - Freight forwarder","robots":{"index":"index","follow":"follow","max-snippet":"max-snippet:-1","max-image-preview":"max-image-preview:large","max-video-preview":"max-video-preview:-1"},"canonical":"https:\/\/ndvn.farmgo.vn\/vi\/ho-so-nang-luc-nguyen-dang\/","og_locale":"vi_VN","og_type":"article","og_title":"H\u1ed3 s\u01a1 n\u0103ng l\u1ef1c nguy\u00ean \u0111\u0103ng - Nguy\u00ean \u0110\u0103ng Vi\u1ec7t Nam forwarding","og_description":"Xem v\u00e0 t\u1ea3i xu\u1ed1ng h\u1ed3 s\u01a1 n\u0103ng l\u1ef1c c\u1ee7a Nguy\u00ean \u0110\u0103ng Vi\u1ec7t Nam - doanh nghi\u1ec7p h\u00e0ng \u0111\u1ea7u trong l\u0129nh v\u1ef1c giao nh\u1eadn v\u1eadn t\u1ea3i - Freight forwarder","og_url":"https:\/\/ndvn.farmgo.vn\/vi\/ho-so-nang-luc-nguyen-dang\/","og_site_name":"Nguyen Dang Viet Nam Forwarding","article_publisher":"https:\/\/www.facebook.com\/NguyenDangVietNam\/","article_modified_time":"2021-06-03T04:01:12+00:00","og_image":[{"width":800,"height":500,"url":"https:\/\/ndvn.farmgo.vn\/wp-content\/uploads\/2021\/06\/ho-so-nang-luc-nguyen-dang-viet-nam-capacity-profile.jpg","type":"image\/jpeg"}],"twitter_card":"summary_large_image","twitter_site":"@NguyenDangLog","twitter_misc":{"Est. reading time":"1 minute"},"schema":{"@context":"https:\/\/schema.org","@graph":[{"@type":"WebPage","@id":"https:\/\/ndvn.farmgo.vn\/vi\/ho-so-nang-luc-nguyen-dang\/","url":"https:\/\/ndvn.farmgo.vn\/vi\/ho-so-nang-luc-nguyen-dang\/","name":"H\u1ed3 s\u01a1 n\u0103ng l\u1ef1c nguy\u00ean \u0111\u0103ng - Nguy\u00ean \u0110\u0103ng Vi\u1ec7t Nam forwarding","isPartOf":{"@id":"https:\/\/ndvn.farmgo.vn\/#website"},"primaryImageOfPage":{"@id":"https:\/\/ndvn.farmgo.vn\/vi\/ho-so-nang-luc-nguyen-dang\/#primaryimage"},"image":{"@id":"https:\/\/ndvn.farmgo.vn\/vi\/ho-so-nang-luc-nguyen-dang\/#primaryimage"},"thumbnailUrl":"https:\/\/ndvn.farmgo.vn\/wp-content\/uploads\/2021\/06\/ho-so-nang-luc-nguyen-dang-viet-nam-capacity-profile.jpg","datePublished":"2019-07-30T07:41:10+00:00","dateModified":"2021-06-03T04:01:12+00:00","description":"Xem v\u00e0 t\u1ea3i xu\u1ed1ng h\u1ed3 s\u01a1 n\u0103ng l\u1ef1c c\u1ee7a Nguy\u00ean \u0110\u0103ng Vi\u1ec7t Nam - doanh nghi\u1ec7p h\u00e0ng \u0111\u1ea7u trong l\u0129nh v\u1ef1c giao nh\u1eadn v\u1eadn t\u1ea3i - Freight forwarder","breadcrumb":{"@id":"https:\/\/ndvn.farmgo.vn\/vi\/ho-so-nang-luc-nguyen-dang\/#breadcrumb"},"inLanguage":"vi-VN","potentialAction":[{"@type":"ReadAction","target":["https:\/\/ndvn.farmgo.vn\/vi\/ho-so-nang-luc-nguyen-dang\/"]}]},{"@type":"ImageObject","inLanguage":"vi-VN","@id":"https:\/\/ndvn.farmgo.vn\/vi\/ho-so-nang-luc-nguyen-dang\/#primaryimage","url":"https:\/\/ndvn.farmgo.vn\/wp-content\/uploads\/2021\/06\/ho-so-nang-luc-nguyen-dang-viet-nam-capacity-profile.jpg","contentUrl":"https:\/\/ndvn.farmgo.vn\/wp-content\/uploads\/2021\/06\/ho-so-nang-luc-nguyen-dang-viet-nam-capacity-profile.jpg","width":800,"height":500,"caption":"H\u1ed3 s\u01a1 n\u0103ng l\u1ef1c Nguy\u00ean \u0110\u0103ng Vi\u1ec7t Nam - Nguyen Dang Viet Nam Capacity profile"},{"@type":"BreadcrumbList","@id":"https:\/\/ndvn.farmgo.vn\/vi\/ho-so-nang-luc-nguyen-dang\/#breadcrumb","itemListElement":[{"@type":"ListItem","position":1,"name":"Home","item":"https:\/\/ndvn.farmgo.vn\/vi\/"},{"@type":"ListItem","position":2,"name":"H\u1ed3 s\u01a1 n\u0103ng l\u1ef1c"}]},{"@type":"WebSite","@id":"https:\/\/ndvn.farmgo.vn\/#website","url":"https:\/\/ndvn.farmgo.vn\/","name":"Nguyen Dang Viet Nam Forwarding","description":"First class freight forwarder in vietnam","publisher":{"@id":"https:\/\/ndvn.farmgo.vn\/#organization"},"potentialAction":[{"@type":"SearchAction","target":{"@type":"EntryPoint","urlTemplate":"https:\/\/ndvn.farmgo.vn\/?s={search_term_string}"},"query-input":{"@type":"PropertyValueSpecification","valueRequired":true,"valueName":"search_term_string"}}],"inLanguage":"vi-VN"},{"@type":"Organization","@id":"https:\/\/ndvn.farmgo.vn\/#organization","name":"Nguyen Dang Viet Nam Forwarding","url":"https:\/\/ndvn.farmgo.vn\/","logo":{"@type":"ImageObject","inLanguage":"vi-VN","@id":"https:\/\/ndvn.farmgo.vn\/#\/schema\/logo\/image\/","url":"https:\/\/nguyendang.net.vn\/wp-content\/uploads\/2020\/07\/nguyen-dang-logo.png","contentUrl":"https:\/\/nguyendang.net.vn\/wp-content\/uploads\/2020\/07\/nguyen-dang-logo.png","width":800,"height":200,"caption":"Nguyen Dang Viet Nam Forwarding"},"image":{"@id":"https:\/\/ndvn.farmgo.vn\/#\/schema\/logo\/image\/"},"sameAs":["https:\/\/www.facebook.com\/NguyenDangVietNam\/","https:\/\/x.com\/NguyenDangLog","https:\/\/www.instagram.com\/nguyen_dang_vietnam\/","https:\/\/www.linkedin.com\/in\/nguyen-dang-vietnam-849050179\/","https:\/\/www.pinterest.com\/nguyendangvietnammkt\/","https:\/\/www.youtube.com\/channel\/UCBln8cONx2WOb5w-5smFJsA"]}]}},"_links":{"self":[{"href":"https:\/\/ndvn.farmgo.vn\/vi\/wp-json\/wp\/v2\/pages\/1739","targetHints":{"allow":["GET"]}}],"collection":[{"href":"https:\/\/ndvn.farmgo.vn\/vi\/wp-json\/wp\/v2\/pages"}],"about":[{"href":"https:\/\/ndvn.farmgo.vn\/vi\/wp-json\/wp\/v2\/types\/page"}],"author":[{"embeddable":true,"href":"https:\/\/ndvn.farmgo.vn\/vi\/wp-json\/wp\/v2\/users\/1"}],"replies":[{"embeddable":true,"href":"https:\/\/ndvn.farmgo.vn\/vi\/wp-json\/wp\/v2\/comments?post=1739"}],"version-history":[{"count":12,"href":"https:\/\/ndvn.farmgo.vn\/vi\/wp-json\/wp\/v2\/pages\/1739\/revisions"}],"predecessor-version":[{"id":21036,"href":"https:\/\/ndvn.farmgo.vn\/vi\/wp-json\/wp\/v2\/pages\/1739\/revisions\/21036"}],"wp:featuredmedia":[{"embeddable":true,"href":"https:\/\/ndvn.farmgo.vn\/vi\/wp-json\/wp\/v2\/media\/21030"}],"wp:attachment":[{"href":"https:\/\/ndvn.farmgo.vn\/vi\/wp-json\/wp\/v2\/media?parent=1739"}],"curies":[{"name":"wp","href":"https:\/\/api.w.org\/{rel}","templated":true}]}}