{"id":1146,"date":"2019-07-26T02:44:20","date_gmt":"2019-07-26T02:44:20","guid":{"rendered":"https:\/\/nguyendang.net.vn?page_id=1146"},"modified":"2019-09-03T11:35:13","modified_gmt":"2019-09-03T04:35:13","slug":"tai-lieu-xuat-nhap-khau","status":"publish","type":"page","link":"https:\/\/ndvn.farmgo.vn\/vi\/tai-lieu-xuat-nhap-khau\/","title":{"rendered":"T\u00e0i li\u1ec7u"},"content":{"rendered":"\n\t<section class=\"section\" id=\"section_1125986813\">\n\t\t<div class=\"section-bg fill\" >\n\t\t\t\t\t\t\t\t\t\n\t\t\t\n\n\t\t<\/div>\n\n\t\t\n\n\t\t<div class=\"section-content relative\">\n\t\t\t\n<div class=\"row\"  id=\"row-1273862514\">\n\n\t<div id=\"col-1364481902\" class=\"col small-12 large-12\"  >\n\t\t\t\t<div class=\"col-inner\"  >\n\t\t\t\n\t\t\t\n<div class=\"message-box relative\" style=\"padding-top:15px;padding-bottom:15px;\"><div class=\"message-box-bg-image bg-fill fill\" ><\/div><div class=\"message-box-bg-overlay bg-fill fill\" ><\/div><div class=\"container relative\"><div class=\"inner last-reset\">\n<div class=\"row align-middle align-center\"  id=\"row-600227045\">\n\n\t<div id=\"col-218020968\" class=\"col medium-10 small-12 large-10\"  >\n\t\t\t\t<div class=\"col-inner\"  >\n\t\t\t\n\t\t\t\n<h4 class=\"uppercase\"><a href=\"https:\/\/drive.google.com\/file\/d\/1dGEqnweB0wEas4G9hdBvGdiHVr9Edvbd\/view\">Th\u00f4ng t\u01b0 quy \u0111\u1ecbnh Danh m\u1ee5c s\u1ea3n ph\u1ea9m, h\u00e0ng h\u00f3a c\u00f3 kh\u1ea3 n\u0103ng g\u00e2y m\u1ea5t an to\u00e0n thu\u1ed9c tr\u00e1ch nhi\u1ec7m qu\u1ea3n l\u00fd c\u1ee7a B\u1ed9 Th\u00f4ng tin v\u00e0 Truy\u1ec1n th\u00f4ng<\/a><\/h4>\n<ul>\n<li>B\u1ed9 Th\u00f4ng tin v\u00e0 Truy\u1ec1n th\u00f4ng<\/li>\n<li>Th\u1eddi gian ban h\u00e0nh: 09\/07\/2019<\/li>\n<li>Ng\u00e0y c\u00f3 hi\u1ec7u l\u1ef1c: 01\/09\/2019<\/li>\n<li>M\u00f4 t\u1ea3 : S\u1ed1\/K\u00fd hi\u1ec7u: 05\/2019\/TT-BTTT\/<\/li>\n<\/ul>\n\t\t<\/div>\n\t\t\t\t\t<\/div>\n\n\t\n\n\t<div id=\"col-2034652555\" class=\"col medium-2 small-12 large-2\"  >\n\t\t\t\t<div class=\"col-inner text-center\"  >\n\t\t\t\n\t\t\t\n<a href=\"https:\/\/drive.google.com\/uc?export=download&#038;id=1FCy__aTisVWCPdRazvcoLNOXDVZbO2g8\" target=\"_blank\" class=\"button success lowercase\" rel=\"noopener\" style=\"border-radius:99px;\">\n\t\t<span>T\u1ea3i v\u1ec1<\/span>\n\t<i class=\"icon-angle-down\" aria-hidden=\"true\"><\/i><\/a>\n\n\t\t<\/div>\n\t\t\t\t\t<\/div>\n\n\t\n<\/div>\n<\/div><\/div><\/div>\n\t\t<\/div>\n\t\t\t\t\t<\/div>\n\n\t\n\n\t<div id=\"col-965358173\" class=\"col small-12 large-12\"  >\n\t\t\t\t<div class=\"col-inner\"  >\n\t\t\t\n\t\t\t\n<div class=\"message-box relative\" style=\"padding-top:15px;padding-bottom:15px;\"><div class=\"message-box-bg-image bg-fill fill\" ><\/div><div class=\"message-box-bg-overlay bg-fill fill\" ><\/div><div class=\"container relative\"><div class=\"inner last-reset\">\n<div class=\"row align-middle align-center\"  id=\"row-1055469837\">\n\n\t<div id=\"col-23602268\" class=\"col medium-10 small-12 large-10\"  >\n\t\t\t\t<div class=\"col-inner\"  >\n\t\t\t\n\t\t\t\n<h4 class=\"uppercase\"><a href=\"https:\/\/drive.google.com\/drive\/folders\/1s8h9MZNWnc1DxBA46pZKRtlj-_E7NzGa\">Danh m\u1ee5c h\u00e0ng h\u00f3a nh\u1eadp kh\u1ea9u ph\u1ea3i l\u00e0m th\u1ee7 t\u1ee5c h\u1ea3i quan t\u1ea1i c\u1eeda kh\u1ea9u nh\u1eadp<\/a><\/h4>\n<ul>\n<li>Th\u1ee7 t\u01b0\u1edbng Ch\u00ednh ph\u1ee7<\/li>\n<li>Th\u1eddi gian ban h\u00e0nh: July 9<sup>th<\/sup>, 2019<\/li>\n<li>Ng\u00e0y c\u00f3 hi\u1ec7u l\u1ef1c: September 1<sup>st<\/sup>, 2019<\/li>\n<li>M\u00f4 t\u1ea3 : NO: 23\/2019\/Q\u0110-TTg<\/li>\n<\/ul>\n\t\t<\/div>\n\t\t\t\t\t<\/div>\n\n\t\n\n\t<div id=\"col-1610448097\" class=\"col medium-2 small-12 large-2\"  >\n\t\t\t\t<div class=\"col-inner text-center\"  >\n\t\t\t\n\t\t\t\n<a href=\"https:\/\/drive.google.com\/uc?export=download&#038;id=1dGEqnweB0wEas4G9hdBvGdiHVr9Edvbd\" target=\"_blank\" class=\"button success lowercase\" rel=\"noopener\" style=\"border-radius:99px;\">\n\t\t<span>T\u1ea3i v\u1ec1<\/span>\n\t<i class=\"icon-angle-down\" aria-hidden=\"true\"><\/i><\/a>\n\n\t\t<\/div>\n\t\t\t\t\t<\/div>\n\n\t\n<\/div>\n<\/div><\/div><\/div>\n\t\t<\/div>\n\t\t\t\t\t<\/div>\n\n\t\n<\/div>\n\t\t<\/div>\n\n\t\t\n<style>\n#section_1125986813 {\n  padding-top: 30px;\n  padding-bottom: 30px;\n}\n<\/style>\n\t<\/section>\n\t\n","protected":false},"excerpt":{"rendered":"","protected":false},"author":1,"featured_media":0,"parent":0,"menu_order":0,"comment_status":"closed","ping_status":"closed","template":"","meta":{"_acf_changed":false,"footnotes":""},"class_list":["post-1146","page","type-page","status-publish","hentry"],"acf":[],"yoast_head":"<!-- This site is optimized with the Yoast SEO plugin v26.6 - https:\/\/yoast.com\/wordpress\/plugins\/seo\/ -->\n<title>T\u00e0i li\u1ec7u xu\u1ea5t nh\u1eadp kh\u1ea9u - Nguy\u00ean \u0110\u0103ng Vi\u1ec7t Nam forwarding<\/title>\n<meta name=\"description\" content=\"T\u00e0i li\u1ec7u xu\u1ea5t nh\u1eadp kh\u1ea9u l\u00e0 th\u01b0 m\u1ee5c l\u01b0u tr\u1eef c\u00e1c v\u0103n b\u1ea3n quy ph\u1ea1m ph\u00e1p lu\u1eadt, c\u00e1c ch\u00ednh s\u00e1ch, ngh\u1ecb \u0111\u1ecbnh, quy\u1ebft \u0111\u1ecbnh v\u00e0 c\u00e1c t\u00e0i li\u1ec7u li\u00ean quan \u0111\u1ebfn ng\u00e0nh xu\u1ea5t nh\u1eadp kh\u1ea9u v\u00e0 logistics. H\u1ec7 th\u1ed1ng v\u0103n b\u1ea3n quy m\u00f4, ph\u00e2n lo\u1ea1i r\u00f5 r\u00e0ng k\u00e8m nh\u1eefng th\u00f4ng tin chi ti\u1ebft!\" \/>\n<meta name=\"robots\" content=\"index, follow, max-snippet:-1, max-image-preview:large, max-video-preview:-1\" \/>\n<link rel=\"canonical\" href=\"https:\/\/ndvn.farmgo.vn\/vi\/tai-lieu-xuat-nhap-khau\/\" \/>\n<meta property=\"og:locale\" content=\"vi_VN\" \/>\n<meta property=\"og:type\" content=\"article\" \/>\n<meta property=\"og:title\" content=\"T\u00e0i li\u1ec7u xu\u1ea5t nh\u1eadp kh\u1ea9u - Nguy\u00ean \u0110\u0103ng Vi\u1ec7t Nam forwarding\" \/>\n<meta property=\"og:description\" content=\"T\u00e0i li\u1ec7u xu\u1ea5t nh\u1eadp kh\u1ea9u l\u00e0 th\u01b0 m\u1ee5c l\u01b0u tr\u1eef c\u00e1c v\u0103n b\u1ea3n quy ph\u1ea1m ph\u00e1p lu\u1eadt, c\u00e1c ch\u00ednh s\u00e1ch, ngh\u1ecb \u0111\u1ecbnh, quy\u1ebft \u0111\u1ecbnh v\u00e0 c\u00e1c t\u00e0i li\u1ec7u li\u00ean quan \u0111\u1ebfn ng\u00e0nh xu\u1ea5t nh\u1eadp kh\u1ea9u v\u00e0 logistics. H\u1ec7 th\u1ed1ng v\u0103n b\u1ea3n quy m\u00f4, ph\u00e2n lo\u1ea1i r\u00f5 r\u00e0ng k\u00e8m nh\u1eefng th\u00f4ng tin chi ti\u1ebft!\" \/>\n<meta property=\"og:url\" content=\"https:\/\/ndvn.farmgo.vn\/vi\/tai-lieu-xuat-nhap-khau\/\" \/>\n<meta property=\"og:site_name\" content=\"Nguyen Dang Viet Nam Forwarding\" \/>\n<meta property=\"article:publisher\" content=\"https:\/\/www.facebook.com\/NguyenDangVietNam\/\" \/>\n<meta property=\"article:modified_time\" content=\"2019-09-03T04:35:13+00:00\" \/>\n<meta name=\"twitter:card\" content=\"summary_large_image\" \/>\n<meta name=\"twitter:site\" content=\"@NguyenDangLog\" \/>\n<meta name=\"twitter:label1\" content=\"Est. reading time\" \/>\n\t<meta name=\"twitter:data1\" content=\"1 minute\" \/>\n<script type=\"application\/ld+json\" class=\"yoast-schema-graph\">{\"@context\":\"https:\/\/schema.org\",\"@graph\":[{\"@type\":\"WebPage\",\"@id\":\"https:\/\/ndvn.farmgo.vn\/vi\/tai-lieu-xuat-nhap-khau\/\",\"url\":\"https:\/\/ndvn.farmgo.vn\/vi\/tai-lieu-xuat-nhap-khau\/\",\"name\":\"T\u00e0i li\u1ec7u xu\u1ea5t nh\u1eadp kh\u1ea9u - Nguy\u00ean \u0110\u0103ng Vi\u1ec7t Nam forwarding\",\"isPartOf\":{\"@id\":\"https:\/\/ndvn.farmgo.vn\/#website\"},\"datePublished\":\"2019-07-26T02:44:20+00:00\",\"dateModified\":\"2019-09-03T04:35:13+00:00\",\"description\":\"T\u00e0i li\u1ec7u xu\u1ea5t nh\u1eadp kh\u1ea9u l\u00e0 th\u01b0 m\u1ee5c l\u01b0u tr\u1eef c\u00e1c v\u0103n b\u1ea3n quy ph\u1ea1m ph\u00e1p lu\u1eadt, c\u00e1c ch\u00ednh s\u00e1ch, ngh\u1ecb \u0111\u1ecbnh, quy\u1ebft \u0111\u1ecbnh v\u00e0 c\u00e1c t\u00e0i li\u1ec7u li\u00ean quan \u0111\u1ebfn ng\u00e0nh xu\u1ea5t nh\u1eadp kh\u1ea9u v\u00e0 logistics. H\u1ec7 th\u1ed1ng v\u0103n b\u1ea3n quy m\u00f4, ph\u00e2n lo\u1ea1i r\u00f5 r\u00e0ng k\u00e8m nh\u1eefng th\u00f4ng tin chi ti\u1ebft!\",\"breadcrumb\":{\"@id\":\"https:\/\/ndvn.farmgo.vn\/vi\/tai-lieu-xuat-nhap-khau\/#breadcrumb\"},\"inLanguage\":\"vi-VN\",\"potentialAction\":[{\"@type\":\"ReadAction\",\"target\":[\"https:\/\/ndvn.farmgo.vn\/vi\/tai-lieu-xuat-nhap-khau\/\"]}]},{\"@type\":\"BreadcrumbList\",\"@id\":\"https:\/\/ndvn.farmgo.vn\/vi\/tai-lieu-xuat-nhap-khau\/#breadcrumb\",\"itemListElement\":[{\"@type\":\"ListItem\",\"position\":1,\"name\":\"Home\",\"item\":\"https:\/\/ndvn.farmgo.vn\/vi\/\"},{\"@type\":\"ListItem\",\"position\":2,\"name\":\"T\u00e0i li\u1ec7u\"}]},{\"@type\":\"WebSite\",\"@id\":\"https:\/\/ndvn.farmgo.vn\/#website\",\"url\":\"https:\/\/ndvn.farmgo.vn\/\",\"name\":\"Nguyen Dang Viet Nam Forwarding\",\"description\":\"First class freight forwarder in vietnam\",\"publisher\":{\"@id\":\"https:\/\/ndvn.farmgo.vn\/#organization\"},\"potentialAction\":[{\"@type\":\"SearchAction\",\"target\":{\"@type\":\"EntryPoint\",\"urlTemplate\":\"https:\/\/ndvn.farmgo.vn\/?s={search_term_string}\"},\"query-input\":{\"@type\":\"PropertyValueSpecification\",\"valueRequired\":true,\"valueName\":\"search_term_string\"}}],\"inLanguage\":\"vi-VN\"},{\"@type\":\"Organization\",\"@id\":\"https:\/\/ndvn.farmgo.vn\/#organization\",\"name\":\"Nguyen Dang Viet Nam Forwarding\",\"url\":\"https:\/\/ndvn.farmgo.vn\/\",\"logo\":{\"@type\":\"ImageObject\",\"inLanguage\":\"vi-VN\",\"@id\":\"https:\/\/ndvn.farmgo.vn\/#\/schema\/logo\/image\/\",\"url\":\"https:\/\/nguyendang.net.vn\/wp-content\/uploads\/2020\/07\/nguyen-dang-logo.png\",\"contentUrl\":\"https:\/\/nguyendang.net.vn\/wp-content\/uploads\/2020\/07\/nguyen-dang-logo.png\",\"width\":800,\"height\":200,\"caption\":\"Nguyen Dang Viet Nam Forwarding\"},\"image\":{\"@id\":\"https:\/\/ndvn.farmgo.vn\/#\/schema\/logo\/image\/\"},\"sameAs\":[\"https:\/\/www.facebook.com\/NguyenDangVietNam\/\",\"https:\/\/x.com\/NguyenDangLog\",\"https:\/\/www.instagram.com\/nguyen_dang_vietnam\/\",\"https:\/\/www.linkedin.com\/in\/nguyen-dang-vietnam-849050179\/\",\"https:\/\/www.pinterest.com\/nguyendangvietnammkt\/\",\"https:\/\/www.youtube.com\/channel\/UCBln8cONx2WOb5w-5smFJsA\"]}]}<\/script>\n<!-- \/ Yoast SEO plugin. -->","yoast_head_json":{"title":"T\u00e0i li\u1ec7u xu\u1ea5t nh\u1eadp kh\u1ea9u - Nguy\u00ean \u0110\u0103ng Vi\u1ec7t Nam forwarding","description":"T\u00e0i li\u1ec7u xu\u1ea5t nh\u1eadp kh\u1ea9u l\u00e0 th\u01b0 m\u1ee5c l\u01b0u tr\u1eef c\u00e1c v\u0103n b\u1ea3n quy ph\u1ea1m ph\u00e1p lu\u1eadt, c\u00e1c ch\u00ednh s\u00e1ch, ngh\u1ecb \u0111\u1ecbnh, quy\u1ebft \u0111\u1ecbnh v\u00e0 c\u00e1c t\u00e0i li\u1ec7u li\u00ean quan \u0111\u1ebfn ng\u00e0nh xu\u1ea5t nh\u1eadp kh\u1ea9u v\u00e0 logistics. H\u1ec7 th\u1ed1ng v\u0103n b\u1ea3n quy m\u00f4, ph\u00e2n lo\u1ea1i r\u00f5 r\u00e0ng k\u00e8m nh\u1eefng th\u00f4ng tin chi ti\u1ebft!","robots":{"index":"index","follow":"follow","max-snippet":"max-snippet:-1","max-image-preview":"max-image-preview:large","max-video-preview":"max-video-preview:-1"},"canonical":"https:\/\/ndvn.farmgo.vn\/vi\/tai-lieu-xuat-nhap-khau\/","og_locale":"vi_VN","og_type":"article","og_title":"T\u00e0i li\u1ec7u xu\u1ea5t nh\u1eadp kh\u1ea9u - Nguy\u00ean \u0110\u0103ng Vi\u1ec7t Nam forwarding","og_description":"T\u00e0i li\u1ec7u xu\u1ea5t nh\u1eadp kh\u1ea9u l\u00e0 th\u01b0 m\u1ee5c l\u01b0u tr\u1eef c\u00e1c v\u0103n b\u1ea3n quy ph\u1ea1m ph\u00e1p lu\u1eadt, c\u00e1c ch\u00ednh s\u00e1ch, ngh\u1ecb \u0111\u1ecbnh, quy\u1ebft \u0111\u1ecbnh v\u00e0 c\u00e1c t\u00e0i li\u1ec7u li\u00ean quan \u0111\u1ebfn ng\u00e0nh xu\u1ea5t nh\u1eadp kh\u1ea9u v\u00e0 logistics. H\u1ec7 th\u1ed1ng v\u0103n b\u1ea3n quy m\u00f4, ph\u00e2n lo\u1ea1i r\u00f5 r\u00e0ng k\u00e8m nh\u1eefng th\u00f4ng tin chi ti\u1ebft!","og_url":"https:\/\/ndvn.farmgo.vn\/vi\/tai-lieu-xuat-nhap-khau\/","og_site_name":"Nguyen Dang Viet Nam Forwarding","article_publisher":"https:\/\/www.facebook.com\/NguyenDangVietNam\/","article_modified_time":"2019-09-03T04:35:13+00:00","twitter_card":"summary_large_image","twitter_site":"@NguyenDangLog","twitter_misc":{"Est. reading time":"1 minute"},"schema":{"@context":"https:\/\/schema.org","@graph":[{"@type":"WebPage","@id":"https:\/\/ndvn.farmgo.vn\/vi\/tai-lieu-xuat-nhap-khau\/","url":"https:\/\/ndvn.farmgo.vn\/vi\/tai-lieu-xuat-nhap-khau\/","name":"T\u00e0i li\u1ec7u xu\u1ea5t nh\u1eadp kh\u1ea9u - Nguy\u00ean \u0110\u0103ng Vi\u1ec7t Nam forwarding","isPartOf":{"@id":"https:\/\/ndvn.farmgo.vn\/#website"},"datePublished":"2019-07-26T02:44:20+00:00","dateModified":"2019-09-03T04:35:13+00:00","description":"T\u00e0i li\u1ec7u xu\u1ea5t nh\u1eadp kh\u1ea9u l\u00e0 th\u01b0 m\u1ee5c l\u01b0u tr\u1eef c\u00e1c v\u0103n b\u1ea3n quy ph\u1ea1m ph\u00e1p lu\u1eadt, c\u00e1c ch\u00ednh s\u00e1ch, ngh\u1ecb \u0111\u1ecbnh, quy\u1ebft \u0111\u1ecbnh v\u00e0 c\u00e1c t\u00e0i li\u1ec7u li\u00ean quan \u0111\u1ebfn ng\u00e0nh xu\u1ea5t nh\u1eadp kh\u1ea9u v\u00e0 logistics. H\u1ec7 th\u1ed1ng v\u0103n b\u1ea3n quy m\u00f4, ph\u00e2n lo\u1ea1i r\u00f5 r\u00e0ng k\u00e8m nh\u1eefng th\u00f4ng tin chi ti\u1ebft!","breadcrumb":{"@id":"https:\/\/ndvn.farmgo.vn\/vi\/tai-lieu-xuat-nhap-khau\/#breadcrumb"},"inLanguage":"vi-VN","potentialAction":[{"@type":"ReadAction","target":["https:\/\/ndvn.farmgo.vn\/vi\/tai-lieu-xuat-nhap-khau\/"]}]},{"@type":"BreadcrumbList","@id":"https:\/\/ndvn.farmgo.vn\/vi\/tai-lieu-xuat-nhap-khau\/#breadcrumb","itemListElement":[{"@type":"ListItem","position":1,"name":"Home","item":"https:\/\/ndvn.farmgo.vn\/vi\/"},{"@type":"ListItem","position":2,"name":"T\u00e0i li\u1ec7u"}]},{"@type":"WebSite","@id":"https:\/\/ndvn.farmgo.vn\/#website","url":"https:\/\/ndvn.farmgo.vn\/","name":"Nguyen Dang Viet Nam Forwarding","description":"First class freight forwarder in vietnam","publisher":{"@id":"https:\/\/ndvn.farmgo.vn\/#organization"},"potentialAction":[{"@type":"SearchAction","target":{"@type":"EntryPoint","urlTemplate":"https:\/\/ndvn.farmgo.vn\/?s={search_term_string}"},"query-input":{"@type":"PropertyValueSpecification","valueRequired":true,"valueName":"search_term_string"}}],"inLanguage":"vi-VN"},{"@type":"Organization","@id":"https:\/\/ndvn.farmgo.vn\/#organization","name":"Nguyen Dang Viet Nam Forwarding","url":"https:\/\/ndvn.farmgo.vn\/","logo":{"@type":"ImageObject","inLanguage":"vi-VN","@id":"https:\/\/ndvn.farmgo.vn\/#\/schema\/logo\/image\/","url":"https:\/\/nguyendang.net.vn\/wp-content\/uploads\/2020\/07\/nguyen-dang-logo.png","contentUrl":"https:\/\/nguyendang.net.vn\/wp-content\/uploads\/2020\/07\/nguyen-dang-logo.png","width":800,"height":200,"caption":"Nguyen Dang Viet Nam Forwarding"},"image":{"@id":"https:\/\/ndvn.farmgo.vn\/#\/schema\/logo\/image\/"},"sameAs":["https:\/\/www.facebook.com\/NguyenDangVietNam\/","https:\/\/x.com\/NguyenDangLog","https:\/\/www.instagram.com\/nguyen_dang_vietnam\/","https:\/\/www.linkedin.com\/in\/nguyen-dang-vietnam-849050179\/","https:\/\/www.pinterest.com\/nguyendangvietnammkt\/","https:\/\/www.youtube.com\/channel\/UCBln8cONx2WOb5w-5smFJsA"]}]}},"_links":{"self":[{"href":"https:\/\/ndvn.farmgo.vn\/vi\/wp-json\/wp\/v2\/pages\/1146","targetHints":{"allow":["GET"]}}],"collection":[{"href":"https:\/\/ndvn.farmgo.vn\/vi\/wp-json\/wp\/v2\/pages"}],"about":[{"href":"https:\/\/ndvn.farmgo.vn\/vi\/wp-json\/wp\/v2\/types\/page"}],"author":[{"embeddable":true,"href":"https:\/\/ndvn.farmgo.vn\/vi\/wp-json\/wp\/v2\/users\/1"}],"replies":[{"embeddable":true,"href":"https:\/\/ndvn.farmgo.vn\/vi\/wp-json\/wp\/v2\/comments?post=1146"}],"version-history":[{"count":8,"href":"https:\/\/ndvn.farmgo.vn\/vi\/wp-json\/wp\/v2\/pages\/1146\/revisions"}],"predecessor-version":[{"id":4049,"href":"https:\/\/ndvn.farmgo.vn\/vi\/wp-json\/wp\/v2\/pages\/1146\/revisions\/4049"}],"wp:attachment":[{"href":"https:\/\/ndvn.farmgo.vn\/vi\/wp-json\/wp\/v2\/media?parent=1146"}],"curies":[{"name":"wp","href":"https:\/\/api.w.org\/{rel}","templated":true}]}}