{"id":1142,"date":"2019-07-26T02:43:55","date_gmt":"2019-07-26T02:43:55","guid":{"rendered":"https:\/\/nguyendang.net.vn?page_id=1142"},"modified":"2021-06-03T10:52:56","modified_gmt":"2021-06-03T03:52:56","slug":"bo-suu-tap-anh","status":"publish","type":"page","link":"https:\/\/ndvn.farmgo.vn\/vi\/bo-suu-tap-anh\/","title":{"rendered":"\u1ea2nh"},"content":{"rendered":"  <div id=\"page-header-1217153181\" class=\"page-header-wrapper\">\n  <div class=\"page-title dark featured-title\">\n\n        <div class=\"page-title-bg\">\n      <div class=\"title-bg fill bg-fill\"\n        data-parallax-container=\".page-title\"\n        data-parallax-background\n        data-parallax=\"-\">\n      <\/div>\n      <div class=\"title-overlay fill\"><\/div>\n    <\/div>\n    \n    <div class=\"page-title-inner container align-center text-center flex-row-col medium-flex-wrap\" >\n              <div class=\"title-wrapper flex-col\">\n          <h1 class=\"entry-title mb-0\">\n            B\u1ed8 S\u01afU T\u1eacP \u1ea2NH          <\/h1>\n        <\/div>\n                    <div class=\"title-content flex-col\">\n        <div class=\"title-breadcrumbs pb-half pt-half\"><\/div>      <\/div>\n    <\/div>\n\n     \n<style>\n#page-header-1217153181 .page-title-inner {\n  min-height: 280px;\n}\n#page-header-1217153181 .title-bg {\n  background-image: url(https:\/\/ndvn.farmgo.vn\/wp-content\/uploads\/2021\/06\/BO-SUU-TAP-ANH-PHOTO-GALLERY.jpg);\n}\n#page-header-1217153181 .title-overlay {\n  background-color: rgba(0, 0, 0, 0.134);\n}\n<\/style>\n  <\/div>\n    <\/div>\n  \n\t<div id=\"gap-649542516\" class=\"gap-element clearfix\" style=\"display:block; height:auto;\">\n\t\t\n<style>\n#gap-649542516 {\n  padding-top: 40px;\n}\n<\/style>\n\t<\/div>\n\t\n\n  \n    <div id=\"pages-1579170215\" class=\"row large-columns-3 medium-columns- small-columns-2 row-small has-shadow row-box-shadow-2 row-masonry\" data-packery-options='{\"itemSelector\": \".col\", \"gutter\": 0, \"presentageWidth\" : true}'>\n\n  <div class=\"page-col col\" data-animate=\"blurIn\">\n          <div class=\"col-inner\" >\n          <a class=\"block plain\" href=\"https:\/\/ndvn.farmgo.vn\/vi\/bo-suu-tap-anh\/anh-general-cargo\/\" title=\"\u1ea2NH GENERAL CARGO\" target=\"\">\n            <div class=\"page-box box has-hover box-overlay dark\">\n                  <div class=\"box-image\" >\n                      <div class=\"box-image image-zoom-long image-cover\" style=\"padding-top:56.25%;\">\n                      <img loading=\"lazy\" decoding=\"async\" width=\"640\" height=\"400\" src=\"https:\/\/ndvn.farmgo.vn\/wp-content\/uploads\/2021\/05\/van-chuyen-hang-thuong-general-cargo-shipment-640x400.jpg\" class=\"attachment-medium size-medium\" alt=\"Ch\u00f9m \u1ea3nh v\u1eadn chuy\u1ec3n h\u00e0ng th\u01b0\u1eddng - General cargo shipment photos\" srcset=\"https:\/\/ndvn.farmgo.vn\/wp-content\/uploads\/2021\/05\/van-chuyen-hang-thuong-general-cargo-shipment-640x400.jpg 640w, https:\/\/ndvn.farmgo.vn\/wp-content\/uploads\/2021\/05\/van-chuyen-hang-thuong-general-cargo-shipment-510x319.jpg 510w, https:\/\/ndvn.farmgo.vn\/wp-content\/uploads\/2021\/05\/van-chuyen-hang-thuong-general-cargo-shipment-768x480.jpg 768w, https:\/\/ndvn.farmgo.vn\/wp-content\/uploads\/2021\/05\/van-chuyen-hang-thuong-general-cargo-shipment.jpg 800w\" sizes=\"auto, (max-width: 640px) 100vw, 640px\" \/>                      <\/div>\n                      <div class=\"overlay\" style=\"background-color: rgba(0, 0, 0, 0.134)\"><\/div>                                        <\/div>\n                  <div class=\"box-text text-center is-large\" >\n                        <div class=\"box-text-inner\">\n                            <p>\u1ea2NH GENERAL CARGO<\/p>\n                        <\/div>\n                  <\/div>\n              <\/div>\n            <\/a>\n            <\/div>\n          <\/div><div class=\"page-col col\" data-animate=\"blurIn\">\n          <div class=\"col-inner\" >\n          <a class=\"block plain\" href=\"https:\/\/ndvn.farmgo.vn\/vi\/bo-suu-tap-anh\/anh-hang-oog\/\" title=\"\u1ea2NH H\u00c0NG OOG\" target=\"\">\n            <div class=\"page-box box has-hover box-overlay dark\">\n                  <div class=\"box-image\" >\n                      <div class=\"box-image image-zoom-long image-cover\" style=\"padding-top:56.25%;\">\n                      <img loading=\"lazy\" decoding=\"async\" width=\"641\" height=\"400\" src=\"https:\/\/ndvn.farmgo.vn\/wp-content\/uploads\/2019\/08\/c55b79632592c1cc9883-e1621607504503-641x400.jpg\" class=\"attachment-medium size-medium\" alt=\"V\u1eacN CHUY\u1ec2N H\u00c0NG OOG\" srcset=\"https:\/\/ndvn.farmgo.vn\/wp-content\/uploads\/2019\/08\/c55b79632592c1cc9883-e1621607504503-641x400.jpg 641w, https:\/\/ndvn.farmgo.vn\/wp-content\/uploads\/2019\/08\/c55b79632592c1cc9883-e1621607504503-510x318.jpg 510w, https:\/\/ndvn.farmgo.vn\/wp-content\/uploads\/2019\/08\/c55b79632592c1cc9883-e1621607504503-768x479.jpg 768w, https:\/\/ndvn.farmgo.vn\/wp-content\/uploads\/2019\/08\/c55b79632592c1cc9883-e1621607504503.jpg 800w\" sizes=\"auto, (max-width: 641px) 100vw, 641px\" \/>                      <\/div>\n                      <div class=\"overlay\" style=\"background-color: rgba(0, 0, 0, 0.134)\"><\/div>                                        <\/div>\n                  <div class=\"box-text text-center is-large\" >\n                        <div class=\"box-text-inner\">\n                            <p>\u1ea2NH H\u00c0NG OOG<\/p>\n                        <\/div>\n                  <\/div>\n              <\/div>\n            <\/a>\n            <\/div>\n          <\/div><div class=\"page-col col\" data-animate=\"blurIn\">\n          <div class=\"col-inner\" >\n          <a class=\"block plain\" href=\"https:\/\/ndvn.farmgo.vn\/vi\/bo-suu-tap-anh\/anh-logistics\/\" title=\"\u1ea2NH LOGISTICS\" target=\"\">\n            <div class=\"page-box box has-hover box-overlay dark\">\n                  <div class=\"box-image\" >\n                      <div class=\"box-image image-zoom-long image-cover\" style=\"padding-top:56.25%;\">\n                      <img loading=\"lazy\" decoding=\"async\" width=\"640\" height=\"400\" src=\"https:\/\/ndvn.farmgo.vn\/wp-content\/uploads\/2019\/08\/port-614543_1920-e1621611068876-640x400.jpg\" class=\"attachment-medium size-medium\" alt=\"\u1ea2nh Logistics s\u01b0u t\u1ea7m - Logistics photos gallery\" srcset=\"https:\/\/ndvn.farmgo.vn\/wp-content\/uploads\/2019\/08\/port-614543_1920-e1621611068876-640x400.jpg 640w, https:\/\/ndvn.farmgo.vn\/wp-content\/uploads\/2019\/08\/port-614543_1920-e1621611068876-510x319.jpg 510w, https:\/\/ndvn.farmgo.vn\/wp-content\/uploads\/2019\/08\/port-614543_1920-e1621611068876-768x480.jpg 768w, https:\/\/ndvn.farmgo.vn\/wp-content\/uploads\/2019\/08\/port-614543_1920-e1621611068876.jpg 800w\" sizes=\"auto, (max-width: 640px) 100vw, 640px\" \/>                      <\/div>\n                      <div class=\"overlay\" style=\"background-color: rgba(0, 0, 0, 0.134)\"><\/div>                                        <\/div>\n                  <div class=\"box-text text-center is-large\" >\n                        <div class=\"box-text-inner\">\n                            <p>\u1ea2NH LOGISTICS<\/p>\n                        <\/div>\n                  <\/div>\n              <\/div>\n            <\/a>\n            <\/div>\n          <\/div><div class=\"page-col col\" data-animate=\"blurIn\">\n          <div class=\"col-inner\" >\n          <a class=\"block plain\" href=\"https:\/\/ndvn.farmgo.vn\/vi\/bo-suu-tap-anh\/anh-nguyen-dang-va-doi-tac\/\" title=\"\u1ea2NH NGUY\u00caN \u0110\u0102NG V\u00c0 \u0110\u1ed0I T\u00c1C\" target=\"\">\n            <div class=\"page-box box has-hover box-overlay dark\">\n                  <div class=\"box-image\" >\n                      <div class=\"box-image image-zoom-long image-cover\" style=\"padding-top:56.25%;\">\n                      <img loading=\"lazy\" decoding=\"async\" width=\"640\" height=\"400\" src=\"https:\/\/ndvn.farmgo.vn\/wp-content\/uploads\/2019\/08\/nguyn-ng-v-cc-i-tc_31617437548_o-e1621608294797-640x400.jpg\" class=\"attachment-medium size-medium\" alt=\"Nguy\u00ean \u0110\u0103ng Vi\u1ec7t Nam v\u00e0 \u0111\u1ed1i t\u00e1c Nguyen Dang Viet Nam and partner\" srcset=\"https:\/\/ndvn.farmgo.vn\/wp-content\/uploads\/2019\/08\/nguyn-ng-v-cc-i-tc_31617437548_o-e1621608294797-640x400.jpg 640w, https:\/\/ndvn.farmgo.vn\/wp-content\/uploads\/2019\/08\/nguyn-ng-v-cc-i-tc_31617437548_o-e1621608294797-510x319.jpg 510w, https:\/\/ndvn.farmgo.vn\/wp-content\/uploads\/2019\/08\/nguyn-ng-v-cc-i-tc_31617437548_o-e1621608294797-768x480.jpg 768w, https:\/\/ndvn.farmgo.vn\/wp-content\/uploads\/2019\/08\/nguyn-ng-v-cc-i-tc_31617437548_o-e1621608294797.jpg 800w\" sizes=\"auto, (max-width: 640px) 100vw, 640px\" \/>                      <\/div>\n                      <div class=\"overlay\" style=\"background-color: rgba(0, 0, 0, 0.134)\"><\/div>                                        <\/div>\n                  <div class=\"box-text text-center is-large\" >\n                        <div class=\"box-text-inner\">\n                            <p>\u1ea2NH NGUY\u00caN \u0110\u0102NG V\u00c0 \u0110\u1ed0I T\u00c1C<\/p>\n                        <\/div>\n                  <\/div>\n              <\/div>\n            <\/a>\n            <\/div>\n          <\/div><div class=\"page-col col\" data-animate=\"blurIn\">\n          <div class=\"col-inner\" >\n          <a class=\"block plain\" href=\"https:\/\/ndvn.farmgo.vn\/vi\/bo-suu-tap-anh\/anh-hang-du-an\/\" title=\"V\u1eacN CHUY\u1ec2N H\u00c0NG D\u1ef0 \u00c1N\" target=\"\">\n            <div class=\"page-box box has-hover box-overlay dark\">\n                  <div class=\"box-image\" >\n                      <div class=\"box-image image-zoom-long image-cover\" style=\"padding-top:56.25%;\">\n                      <img loading=\"lazy\" decoding=\"async\" width=\"640\" height=\"400\" src=\"https:\/\/ndvn.farmgo.vn\/wp-content\/uploads\/2021\/05\/van-chuyen-hang-du-an-by-nguyen-dang-viet-nam-640x400.jpg\" class=\"attachment-medium size-medium\" alt=\"\u1ea2nh h\u00e0ng d\u1ef1 \u00e1n - V\u1eadn chuy\u1ec3n h\u00e0ng d\u1ef1 \u00e1n by Nguy\u00ean \u0110\u0103ng Vi\u1ec7t Nam\" srcset=\"https:\/\/ndvn.farmgo.vn\/wp-content\/uploads\/2021\/05\/van-chuyen-hang-du-an-by-nguyen-dang-viet-nam-640x400.jpg 640w, https:\/\/ndvn.farmgo.vn\/wp-content\/uploads\/2021\/05\/van-chuyen-hang-du-an-by-nguyen-dang-viet-nam-510x319.jpg 510w, https:\/\/ndvn.farmgo.vn\/wp-content\/uploads\/2021\/05\/van-chuyen-hang-du-an-by-nguyen-dang-viet-nam-768x480.jpg 768w, https:\/\/ndvn.farmgo.vn\/wp-content\/uploads\/2021\/05\/van-chuyen-hang-du-an-by-nguyen-dang-viet-nam.jpg 800w\" sizes=\"auto, (max-width: 640px) 100vw, 640px\" \/>                      <\/div>\n                      <div class=\"overlay\" style=\"background-color: rgba(0, 0, 0, 0.134)\"><\/div>                                        <\/div>\n                  <div class=\"box-text text-center is-large\" >\n                        <div class=\"box-text-inner\">\n                            <p>V\u1eacN CHUY\u1ec2N H\u00c0NG D\u1ef0 \u00c1N<\/p>\n                        <\/div>\n                  <\/div>\n              <\/div>\n            <\/a>\n            <\/div>\n          <\/div><div class=\"page-col col\" data-animate=\"blurIn\">\n          <div class=\"col-inner\" >\n          <a class=\"block plain\" href=\"https:\/\/ndvn.farmgo.vn\/vi\/bo-suu-tap-anh\/van-hoa-cong-ty-nguyen-dang\/\" title=\"V\u0102N H\u00d3A C\u00d4NG TY NGUY\u00caN \u0110\u0102NG\" target=\"\">\n            <div class=\"page-box box has-hover box-overlay dark\">\n                  <div class=\"box-image\" >\n                      <div class=\"box-image image-zoom-long image-cover\" style=\"padding-top:56.25%;\">\n                      <img loading=\"lazy\" decoding=\"async\" width=\"640\" height=\"400\" src=\"https:\/\/ndvn.farmgo.vn\/wp-content\/uploads\/2021\/05\/van-hoa-cong-ty-nguyen-dang-Corporate-culture-640x400.jpg\" class=\"attachment-medium size-medium\" alt=\"v\u0103n h\u00f3a c\u00f4ng ty nguy\u00ean \u0111\u0103ng - Corporate culture\" srcset=\"https:\/\/ndvn.farmgo.vn\/wp-content\/uploads\/2021\/05\/van-hoa-cong-ty-nguyen-dang-Corporate-culture-640x400.jpg 640w, https:\/\/ndvn.farmgo.vn\/wp-content\/uploads\/2021\/05\/van-hoa-cong-ty-nguyen-dang-Corporate-culture-510x319.jpg 510w, https:\/\/ndvn.farmgo.vn\/wp-content\/uploads\/2021\/05\/van-hoa-cong-ty-nguyen-dang-Corporate-culture-768x480.jpg 768w, https:\/\/ndvn.farmgo.vn\/wp-content\/uploads\/2021\/05\/van-hoa-cong-ty-nguyen-dang-Corporate-culture.jpg 800w\" sizes=\"auto, (max-width: 640px) 100vw, 640px\" \/>                      <\/div>\n                      <div class=\"overlay\" style=\"background-color: rgba(0, 0, 0, 0.134)\"><\/div>                                        <\/div>\n                  <div class=\"box-text text-center is-large\" >\n                        <div class=\"box-text-inner\">\n                            <p>V\u0102N H\u00d3A C\u00d4NG TY NGUY\u00caN \u0110\u0102NG<\/p>\n                        <\/div>\n                  <\/div>\n              <\/div>\n            <\/a>\n            <\/div>\n          <\/div><\/div>\n","protected":false},"excerpt":{"rendered":"","protected":false},"author":1,"featured_media":21075,"parent":0,"menu_order":0,"comment_status":"closed","ping_status":"closed","template":"","meta":{"_acf_changed":false,"footnotes":""},"class_list":["post-1142","page","type-page","status-publish","has-post-thumbnail","hentry"],"acf":[],"yoast_head":"<!-- This site is optimized with the Yoast SEO plugin v26.6 - https:\/\/yoast.com\/wordpress\/plugins\/seo\/ -->\n<title>B\u1ed8 S\u01afU T\u1eacP \u1ea2NH - Nguy\u00ean \u0110\u0103ng Vi\u1ec7t Nam forwarding<\/title>\n<meta name=\"description\" content=\"B\u1ed8 S\u01afU T\u1eacP \u1ea2NH l\u00e0 cu\u1ed1n albulm \u1ea3nh c\u1ee7a c\u00f4ng ty TNHH Nguy\u00ean \u0110\u0103ng Vi\u1ec7t Nam bao g\u1ed3m \u1ea3nh c\u00e1c l\u00f4 h\u00e0ng \u0111\u00e3 th\u1ef1c hi\u1ec7n, \u1ea3nh v\u1edbi \u0111\u1ed1i t\u00e1c, \u1ea3nh ho\u1ea1t \u0111\u1ed9ng\" \/>\n<meta name=\"robots\" content=\"index, follow, max-snippet:-1, max-image-preview:large, max-video-preview:-1\" \/>\n<link rel=\"canonical\" href=\"https:\/\/ndvn.farmgo.vn\/vi\/bo-suu-tap-anh\/\" \/>\n<meta property=\"og:locale\" content=\"vi_VN\" \/>\n<meta property=\"og:type\" content=\"article\" \/>\n<meta property=\"og:title\" content=\"B\u1ed8 S\u01afU T\u1eacP \u1ea2NH - Nguy\u00ean \u0110\u0103ng Vi\u1ec7t Nam forwarding\" \/>\n<meta property=\"og:description\" content=\"B\u1ed8 S\u01afU T\u1eacP \u1ea2NH l\u00e0 cu\u1ed1n albulm \u1ea3nh c\u1ee7a c\u00f4ng ty TNHH Nguy\u00ean \u0110\u0103ng Vi\u1ec7t Nam bao g\u1ed3m \u1ea3nh c\u00e1c l\u00f4 h\u00e0ng \u0111\u00e3 th\u1ef1c hi\u1ec7n, \u1ea3nh v\u1edbi \u0111\u1ed1i t\u00e1c, \u1ea3nh ho\u1ea1t \u0111\u1ed9ng\" \/>\n<meta property=\"og:url\" content=\"https:\/\/ndvn.farmgo.vn\/vi\/bo-suu-tap-anh\/\" \/>\n<meta property=\"og:site_name\" content=\"Nguyen Dang Viet Nam Forwarding\" \/>\n<meta property=\"article:publisher\" content=\"https:\/\/www.facebook.com\/NguyenDangVietNam\/\" \/>\n<meta property=\"article:modified_time\" content=\"2021-06-03T03:52:56+00:00\" \/>\n<meta property=\"og:image\" content=\"https:\/\/ndvn.farmgo.vn\/wp-content\/uploads\/2021\/06\/BO-SUU-TAP-ANH-PHOTO-GALLERY.jpg\" \/>\n\t<meta property=\"og:image:width\" content=\"800\" \/>\n\t<meta property=\"og:image:height\" content=\"500\" \/>\n\t<meta property=\"og:image:type\" content=\"image\/jpeg\" \/>\n<meta name=\"twitter:card\" content=\"summary_large_image\" \/>\n<meta name=\"twitter:site\" content=\"@NguyenDangLog\" \/>\n<script type=\"application\/ld+json\" class=\"yoast-schema-graph\">{\"@context\":\"https:\/\/schema.org\",\"@graph\":[{\"@type\":\"WebPage\",\"@id\":\"https:\/\/ndvn.farmgo.vn\/vi\/bo-suu-tap-anh\/\",\"url\":\"https:\/\/ndvn.farmgo.vn\/vi\/bo-suu-tap-anh\/\",\"name\":\"B\u1ed8 S\u01afU T\u1eacP \u1ea2NH - Nguy\u00ean \u0110\u0103ng Vi\u1ec7t Nam forwarding\",\"isPartOf\":{\"@id\":\"https:\/\/ndvn.farmgo.vn\/#website\"},\"primaryImageOfPage\":{\"@id\":\"https:\/\/ndvn.farmgo.vn\/vi\/bo-suu-tap-anh\/#primaryimage\"},\"image\":{\"@id\":\"https:\/\/ndvn.farmgo.vn\/vi\/bo-suu-tap-anh\/#primaryimage\"},\"thumbnailUrl\":\"https:\/\/ndvn.farmgo.vn\/wp-content\/uploads\/2021\/06\/BO-SUU-TAP-ANH-PHOTO-GALLERY.jpg\",\"datePublished\":\"2019-07-26T02:43:55+00:00\",\"dateModified\":\"2021-06-03T03:52:56+00:00\",\"description\":\"B\u1ed8 S\u01afU T\u1eacP \u1ea2NH l\u00e0 cu\u1ed1n albulm \u1ea3nh c\u1ee7a c\u00f4ng ty TNHH Nguy\u00ean \u0110\u0103ng Vi\u1ec7t Nam bao g\u1ed3m \u1ea3nh c\u00e1c l\u00f4 h\u00e0ng \u0111\u00e3 th\u1ef1c hi\u1ec7n, \u1ea3nh v\u1edbi \u0111\u1ed1i t\u00e1c, \u1ea3nh ho\u1ea1t \u0111\u1ed9ng\",\"breadcrumb\":{\"@id\":\"https:\/\/ndvn.farmgo.vn\/vi\/bo-suu-tap-anh\/#breadcrumb\"},\"inLanguage\":\"vi-VN\",\"potentialAction\":[{\"@type\":\"ReadAction\",\"target\":[\"https:\/\/ndvn.farmgo.vn\/vi\/bo-suu-tap-anh\/\"]}]},{\"@type\":\"ImageObject\",\"inLanguage\":\"vi-VN\",\"@id\":\"https:\/\/ndvn.farmgo.vn\/vi\/bo-suu-tap-anh\/#primaryimage\",\"url\":\"https:\/\/ndvn.farmgo.vn\/wp-content\/uploads\/2021\/06\/BO-SUU-TAP-ANH-PHOTO-GALLERY.jpg\",\"contentUrl\":\"https:\/\/ndvn.farmgo.vn\/wp-content\/uploads\/2021\/06\/BO-SUU-TAP-ANH-PHOTO-GALLERY.jpg\",\"width\":800,\"height\":500,\"caption\":\"B\u1ed9 s\u01b0u t\u1eadp \u1ea3nh - Photo gallery Nguy\u00ean \u0110\u0103ng Vi\u1ec7t Nam\"},{\"@type\":\"BreadcrumbList\",\"@id\":\"https:\/\/ndvn.farmgo.vn\/vi\/bo-suu-tap-anh\/#breadcrumb\",\"itemListElement\":[{\"@type\":\"ListItem\",\"position\":1,\"name\":\"Home\",\"item\":\"https:\/\/ndvn.farmgo.vn\/vi\/\"},{\"@type\":\"ListItem\",\"position\":2,\"name\":\"\u1ea2nh\"}]},{\"@type\":\"WebSite\",\"@id\":\"https:\/\/ndvn.farmgo.vn\/#website\",\"url\":\"https:\/\/ndvn.farmgo.vn\/\",\"name\":\"Nguyen Dang Viet Nam Forwarding\",\"description\":\"First class freight forwarder in vietnam\",\"publisher\":{\"@id\":\"https:\/\/ndvn.farmgo.vn\/#organization\"},\"potentialAction\":[{\"@type\":\"SearchAction\",\"target\":{\"@type\":\"EntryPoint\",\"urlTemplate\":\"https:\/\/ndvn.farmgo.vn\/?s={search_term_string}\"},\"query-input\":{\"@type\":\"PropertyValueSpecification\",\"valueRequired\":true,\"valueName\":\"search_term_string\"}}],\"inLanguage\":\"vi-VN\"},{\"@type\":\"Organization\",\"@id\":\"https:\/\/ndvn.farmgo.vn\/#organization\",\"name\":\"Nguyen Dang Viet Nam Forwarding\",\"url\":\"https:\/\/ndvn.farmgo.vn\/\",\"logo\":{\"@type\":\"ImageObject\",\"inLanguage\":\"vi-VN\",\"@id\":\"https:\/\/ndvn.farmgo.vn\/#\/schema\/logo\/image\/\",\"url\":\"https:\/\/nguyendang.net.vn\/wp-content\/uploads\/2020\/07\/nguyen-dang-logo.png\",\"contentUrl\":\"https:\/\/nguyendang.net.vn\/wp-content\/uploads\/2020\/07\/nguyen-dang-logo.png\",\"width\":800,\"height\":200,\"caption\":\"Nguyen Dang Viet Nam Forwarding\"},\"image\":{\"@id\":\"https:\/\/ndvn.farmgo.vn\/#\/schema\/logo\/image\/\"},\"sameAs\":[\"https:\/\/www.facebook.com\/NguyenDangVietNam\/\",\"https:\/\/x.com\/NguyenDangLog\",\"https:\/\/www.instagram.com\/nguyen_dang_vietnam\/\",\"https:\/\/www.linkedin.com\/in\/nguyen-dang-vietnam-849050179\/\",\"https:\/\/www.pinterest.com\/nguyendangvietnammkt\/\",\"https:\/\/www.youtube.com\/channel\/UCBln8cONx2WOb5w-5smFJsA\"]}]}<\/script>\n<!-- \/ Yoast SEO plugin. -->","yoast_head_json":{"title":"B\u1ed8 S\u01afU T\u1eacP \u1ea2NH - Nguy\u00ean \u0110\u0103ng Vi\u1ec7t Nam forwarding","description":"B\u1ed8 S\u01afU T\u1eacP \u1ea2NH l\u00e0 cu\u1ed1n albulm \u1ea3nh c\u1ee7a c\u00f4ng ty TNHH Nguy\u00ean \u0110\u0103ng Vi\u1ec7t Nam bao g\u1ed3m \u1ea3nh c\u00e1c l\u00f4 h\u00e0ng \u0111\u00e3 th\u1ef1c hi\u1ec7n, \u1ea3nh v\u1edbi \u0111\u1ed1i t\u00e1c, \u1ea3nh ho\u1ea1t \u0111\u1ed9ng","robots":{"index":"index","follow":"follow","max-snippet":"max-snippet:-1","max-image-preview":"max-image-preview:large","max-video-preview":"max-video-preview:-1"},"canonical":"https:\/\/ndvn.farmgo.vn\/vi\/bo-suu-tap-anh\/","og_locale":"vi_VN","og_type":"article","og_title":"B\u1ed8 S\u01afU T\u1eacP \u1ea2NH - Nguy\u00ean \u0110\u0103ng Vi\u1ec7t Nam forwarding","og_description":"B\u1ed8 S\u01afU T\u1eacP \u1ea2NH l\u00e0 cu\u1ed1n albulm \u1ea3nh c\u1ee7a c\u00f4ng ty TNHH Nguy\u00ean \u0110\u0103ng Vi\u1ec7t Nam bao g\u1ed3m \u1ea3nh c\u00e1c l\u00f4 h\u00e0ng \u0111\u00e3 th\u1ef1c hi\u1ec7n, \u1ea3nh v\u1edbi \u0111\u1ed1i t\u00e1c, \u1ea3nh ho\u1ea1t \u0111\u1ed9ng","og_url":"https:\/\/ndvn.farmgo.vn\/vi\/bo-suu-tap-anh\/","og_site_name":"Nguyen Dang Viet Nam Forwarding","article_publisher":"https:\/\/www.facebook.com\/NguyenDangVietNam\/","article_modified_time":"2021-06-03T03:52:56+00:00","og_image":[{"width":800,"height":500,"url":"https:\/\/ndvn.farmgo.vn\/wp-content\/uploads\/2021\/06\/BO-SUU-TAP-ANH-PHOTO-GALLERY.jpg","type":"image\/jpeg"}],"twitter_card":"summary_large_image","twitter_site":"@NguyenDangLog","schema":{"@context":"https:\/\/schema.org","@graph":[{"@type":"WebPage","@id":"https:\/\/ndvn.farmgo.vn\/vi\/bo-suu-tap-anh\/","url":"https:\/\/ndvn.farmgo.vn\/vi\/bo-suu-tap-anh\/","name":"B\u1ed8 S\u01afU T\u1eacP \u1ea2NH - Nguy\u00ean \u0110\u0103ng Vi\u1ec7t Nam forwarding","isPartOf":{"@id":"https:\/\/ndvn.farmgo.vn\/#website"},"primaryImageOfPage":{"@id":"https:\/\/ndvn.farmgo.vn\/vi\/bo-suu-tap-anh\/#primaryimage"},"image":{"@id":"https:\/\/ndvn.farmgo.vn\/vi\/bo-suu-tap-anh\/#primaryimage"},"thumbnailUrl":"https:\/\/ndvn.farmgo.vn\/wp-content\/uploads\/2021\/06\/BO-SUU-TAP-ANH-PHOTO-GALLERY.jpg","datePublished":"2019-07-26T02:43:55+00:00","dateModified":"2021-06-03T03:52:56+00:00","description":"B\u1ed8 S\u01afU T\u1eacP \u1ea2NH l\u00e0 cu\u1ed1n albulm \u1ea3nh c\u1ee7a c\u00f4ng ty TNHH Nguy\u00ean \u0110\u0103ng Vi\u1ec7t Nam bao g\u1ed3m \u1ea3nh c\u00e1c l\u00f4 h\u00e0ng \u0111\u00e3 th\u1ef1c hi\u1ec7n, \u1ea3nh v\u1edbi \u0111\u1ed1i t\u00e1c, \u1ea3nh ho\u1ea1t \u0111\u1ed9ng","breadcrumb":{"@id":"https:\/\/ndvn.farmgo.vn\/vi\/bo-suu-tap-anh\/#breadcrumb"},"inLanguage":"vi-VN","potentialAction":[{"@type":"ReadAction","target":["https:\/\/ndvn.farmgo.vn\/vi\/bo-suu-tap-anh\/"]}]},{"@type":"ImageObject","inLanguage":"vi-VN","@id":"https:\/\/ndvn.farmgo.vn\/vi\/bo-suu-tap-anh\/#primaryimage","url":"https:\/\/ndvn.farmgo.vn\/wp-content\/uploads\/2021\/06\/BO-SUU-TAP-ANH-PHOTO-GALLERY.jpg","contentUrl":"https:\/\/ndvn.farmgo.vn\/wp-content\/uploads\/2021\/06\/BO-SUU-TAP-ANH-PHOTO-GALLERY.jpg","width":800,"height":500,"caption":"B\u1ed9 s\u01b0u t\u1eadp \u1ea3nh - Photo gallery Nguy\u00ean \u0110\u0103ng Vi\u1ec7t Nam"},{"@type":"BreadcrumbList","@id":"https:\/\/ndvn.farmgo.vn\/vi\/bo-suu-tap-anh\/#breadcrumb","itemListElement":[{"@type":"ListItem","position":1,"name":"Home","item":"https:\/\/ndvn.farmgo.vn\/vi\/"},{"@type":"ListItem","position":2,"name":"\u1ea2nh"}]},{"@type":"WebSite","@id":"https:\/\/ndvn.farmgo.vn\/#website","url":"https:\/\/ndvn.farmgo.vn\/","name":"Nguyen Dang Viet Nam Forwarding","description":"First class freight forwarder in vietnam","publisher":{"@id":"https:\/\/ndvn.farmgo.vn\/#organization"},"potentialAction":[{"@type":"SearchAction","target":{"@type":"EntryPoint","urlTemplate":"https:\/\/ndvn.farmgo.vn\/?s={search_term_string}"},"query-input":{"@type":"PropertyValueSpecification","valueRequired":true,"valueName":"search_term_string"}}],"inLanguage":"vi-VN"},{"@type":"Organization","@id":"https:\/\/ndvn.farmgo.vn\/#organization","name":"Nguyen Dang Viet Nam Forwarding","url":"https:\/\/ndvn.farmgo.vn\/","logo":{"@type":"ImageObject","inLanguage":"vi-VN","@id":"https:\/\/ndvn.farmgo.vn\/#\/schema\/logo\/image\/","url":"https:\/\/nguyendang.net.vn\/wp-content\/uploads\/2020\/07\/nguyen-dang-logo.png","contentUrl":"https:\/\/nguyendang.net.vn\/wp-content\/uploads\/2020\/07\/nguyen-dang-logo.png","width":800,"height":200,"caption":"Nguyen Dang Viet Nam Forwarding"},"image":{"@id":"https:\/\/ndvn.farmgo.vn\/#\/schema\/logo\/image\/"},"sameAs":["https:\/\/www.facebook.com\/NguyenDangVietNam\/","https:\/\/x.com\/NguyenDangLog","https:\/\/www.instagram.com\/nguyen_dang_vietnam\/","https:\/\/www.linkedin.com\/in\/nguyen-dang-vietnam-849050179\/","https:\/\/www.pinterest.com\/nguyendangvietnammkt\/","https:\/\/www.youtube.com\/channel\/UCBln8cONx2WOb5w-5smFJsA"]}]}},"_links":{"self":[{"href":"https:\/\/ndvn.farmgo.vn\/vi\/wp-json\/wp\/v2\/pages\/1142","targetHints":{"allow":["GET"]}}],"collection":[{"href":"https:\/\/ndvn.farmgo.vn\/vi\/wp-json\/wp\/v2\/pages"}],"about":[{"href":"https:\/\/ndvn.farmgo.vn\/vi\/wp-json\/wp\/v2\/types\/page"}],"author":[{"embeddable":true,"href":"https:\/\/ndvn.farmgo.vn\/vi\/wp-json\/wp\/v2\/users\/1"}],"replies":[{"embeddable":true,"href":"https:\/\/ndvn.farmgo.vn\/vi\/wp-json\/wp\/v2\/comments?post=1142"}],"version-history":[{"count":32,"href":"https:\/\/ndvn.farmgo.vn\/vi\/wp-json\/wp\/v2\/pages\/1142\/revisions"}],"predecessor-version":[{"id":21080,"href":"https:\/\/ndvn.farmgo.vn\/vi\/wp-json\/wp\/v2\/pages\/1142\/revisions\/21080"}],"wp:featuredmedia":[{"embeddable":true,"href":"https:\/\/ndvn.farmgo.vn\/vi\/wp-json\/wp\/v2\/media\/21075"}],"wp:attachment":[{"href":"https:\/\/ndvn.farmgo.vn\/vi\/wp-json\/wp\/v2\/media?parent=1142"}],"curies":[{"name":"wp","href":"https:\/\/api.w.org\/{rel}","templated":true}]}}